{"id":993,"date":"2021-04-09T01:41:44","date_gmt":"2021-04-08T22:41:44","guid":{"rendered":"http:\/\/aizputesmebeles.lv\/?post_type=product&#038;p=993"},"modified":"2025-03-01T11:33:18","modified_gmt":"2025-03-01T09:33:18","slug":"kokos-lateks","status":"publish","type":"product","link":"https:\/\/aizputesmebeles.lv\/?product=kokos-lateks","title":{"rendered":"Kokoss\/Latekss 6 cm"},"content":{"rendered":"<p>B\u0113rnu matracis ide\u0101li piem\u0113rots vesel\u012bgam b\u0113rna miegam. Gluda virsma, m\u0113reni ciets.<\/p>\n<p>Pamats \u2014 kokosa pl\u0101ksne \u2014 elast\u012bgs, dab\u012bgs gaisa caurlaid\u012bgs materi\u0101ls.<\/p>\n<p>Pild\u012bjums \u2014 perfor\u0113ts latekss \u2014 elast\u012bgs materi\u0101ls. Pie\u0146em anatomiska \u0137erme\u0146a formu.<\/p>\n<p>No ab\u0101m pus\u0113m p\u0101rkl\u0101ts ar vatel\u012bna sl\u0101ni.<\/p>\n<p>P\u0101rvalks ar r\u0101v\u0113jsl\u0113dz\u0113ju no 100% kokvilnas auduma.<\/p>\n<p>Matra\u010da augstums \u2248 6cm.<\/p>\n<p>\u2014 Latekss<br \/>\n\u2014 Latekss<br \/>\n\u2014 Kokosa pl\u0101ksne<br \/>\n\u2014 Vatel\u012bns<\/p>\n","protected":false},"excerpt":{"rendered":"<p>B\u0113rnu matracis ide\u0101li piem\u0113rots vesel\u012bgam b\u0113rna miegam. Gluda virsma, m\u0113reni ciets. Pamats \u2014 kokosa pl\u0101ksne \u2014 elast\u012bgs, dab\u012bgs gaisa caurlaid\u012bgs materi\u0101ls. Pild\u012bjums \u2014 perfor\u0113ts latekss \u2014 elast\u012bgs materi\u0101ls. Pie\u0146em anatomiska \u0137erme\u0146a formu. No ab\u0101m pus\u0113m p\u0101rkl\u0101ts ar vatel\u012bna sl\u0101ni. P\u0101rvalks ar r\u0101v\u0113jsl\u0113dz\u0113ju no 100% kokvilnas auduma. Matra\u010da augstums \u2248 6cm. \u2014 Latekss \u2014 Latekss \u2014 [&hellip;]<\/p>\n","protected":false},"featured_media":2435,"comment_status":"open","ping_status":"closed","template":"","meta":[],"_links":{"self":[{"href":"https:\/\/aizputesmebeles.lv\/index.php?rest_route=\/wp\/v2\/product\/993"}],"collection":[{"href":"https:\/\/aizputesmebeles.lv\/index.php?rest_route=\/wp\/v2\/product"}],"about":[{"href":"https:\/\/aizputesmebeles.lv\/index.php?rest_route=\/wp\/v2\/types\/product"}],"replies":[{"embeddable":true,"href":"https:\/\/aizputesmebeles.lv\/index.php?rest_route=%2Fwp%2Fv2%2Fcomments&post=993"}],"wp:featuredmedia":[{"embeddable":true,"href":"https:\/\/aizputesmebeles.lv\/index.php?rest_route=\/wp\/v2\/media\/2435"}],"wp:attachment":[{"href":"https:\/\/aizputesmebeles.lv\/index.php?rest_route=%2Fwp%2Fv2%2Fmedia&parent=993"}],"curies":[{"name":"wp","href":"https:\/\/api.w.org\/{rel}","templated":true}]}}