{"id":992,"date":"2021-04-09T01:41:44","date_gmt":"2021-04-08T22:41:44","guid":{"rendered":"http:\/\/aizputesmebeles.lv\/?post_type=product&#038;p=992"},"modified":"2022-06-15T12:26:37","modified_gmt":"2022-06-15T09:26:37","slug":"izvelkams-diva%c2%81ns","status":"publish","type":"product","link":"https:\/\/aizputesmebeles.lv\/?product=izvelkams-diva%c2%81ns","title":{"rendered":"Izvelkams d\u012bv\u0101ns L"},"content":{"rendered":"<p>Uz Priek\u0161u izlai\u017eams d\u012bv\u0101ns <strong>L<\/strong><br \/>\nD\u012bv\u0101ns ir vienk\u0101r\u0161as konstrukcijas bez sare\u017e\u0123\u012btiem meh\u0101nismiem un viegli izlai\u017eams. T\u0101pat d\u012bv\u0101nam ir ietilp\u012bga ve\u013cas kaste.<br \/>\nD\u012bv\u0101nam ir putu\u00a0 matra\u010di un izlai\u017eot salaiduma vieta san\u0101k zem spilvena un zem k\u0101j\u0101m.<br \/>\nD\u012bv\u0101nu ir iesp\u0113jams pas\u016bt\u012bt da\u017e\u0101d\u0101s kr\u0101su kombin\u0101cij\u0101s vai vienkr\u0101sainu (cena var main\u012bties atkar\u012bb\u0101 no auduma izv\u0113les).<br \/>\nNepiecie\u0161am\u012bbas gad\u012bjum\u0101 pas\u016btot var main\u012bt d\u012bv\u0101na platumu &#8211; sa\u0161aurinot vai paplatinot (solis 10 cm &#8230; konsult\u0113jieties ar p\u0101rdev\u0113ju).<\/p>\n<p>Neskatoties uz d\u012bv\u0101na nelielajiem \u0101r\u0113jiem izm\u0113riem 100&#215;170 cm tam ir liela gu\u013cam\u0101 vieta 140 x 195 cm.<\/p>\n","protected":false},"excerpt":{"rendered":"<p>Uz Priek\u0161u izlai\u017eams d\u012bv\u0101ns.<\/p>\n","protected":false},"featured_media":2532,"comment_status":"open","ping_status":"closed","template":"","meta":[],"_links":{"self":[{"href":"https:\/\/aizputesmebeles.lv\/index.php?rest_route=\/wp\/v2\/product\/992"}],"collection":[{"href":"https:\/\/aizputesmebeles.lv\/index.php?rest_route=\/wp\/v2\/product"}],"about":[{"href":"https:\/\/aizputesmebeles.lv\/index.php?rest_route=\/wp\/v2\/types\/product"}],"replies":[{"embeddable":true,"href":"https:\/\/aizputesmebeles.lv\/index.php?rest_route=%2Fwp%2Fv2%2Fcomments&post=992"}],"wp:featuredmedia":[{"embeddable":true,"href":"https:\/\/aizputesmebeles.lv\/index.php?rest_route=\/wp\/v2\/media\/2532"}],"wp:attachment":[{"href":"https:\/\/aizputesmebeles.lv\/index.php?rest_route=%2Fwp%2Fv2%2Fmedia&parent=992"}],"curies":[{"name":"wp","href":"https:\/\/api.w.org\/{rel}","templated":true}]}}