{"id":918,"date":"2021-04-09T01:41:10","date_gmt":"2021-04-08T22:41:10","guid":{"rendered":"http:\/\/aizputesmebeles.lv\/?post_type=product&#038;p=918"},"modified":"2026-01-06T17:18:06","modified_gmt":"2026-01-06T15:18:06","slug":"gulta-mona","status":"publish","type":"product","link":"https:\/\/aizputesmebeles.lv\/?product=gulta-mona","title":{"rendered":"Gulta &#8220;MONA&#8221;"},"content":{"rendered":"<p>Gulta &#8221; Mona &#8221; izgatavota no melnalk\u0161\u0146a mas\u012bvkoka &#8211; 30-40 mm bieza materi\u0101la, kas padara gultas konstrukciju stabilu un iztur\u012bgu. Gultas visas deta\u013cas ir nofr\u0113z\u0113tas\/ noapa\u013cotas, kas padara gultas lieto\u0161anu un izskatu pat\u012bkam\u0101ku.<br \/>\nGultas b\u0101zes komplekt\u0101 iek\u013cauts gultas karkas un izm\u0113riem s\u0101kot no 120 platuma ar\u012b vidus l\u012bste ar regul\u0113jamu centr\u0101lo atbalsta k\u0101ju.<br \/>\nMatra\u010da atbalsta l\u012bstes ( redele), ve\u013cas kastes zem gultas vai dekorat\u012bvais panelis k\u0101jgal\u012b nav iek\u013cauta b\u0101zes cen\u0101. \u0160\u012bs komplekt\u0113jo\u0161\u0101s da\u013cas var ieg\u0101d\u0101ties atsevi\u0161\u0137i atbilsto\u0161i katra klienta vajadz\u012bb\u0101m.<\/p>\n<p>Izm\u0113ri:<br \/>\nGalvga\u013ca augstums no zemes 74 cm<br \/>\nGultas \u0101r\u0113jais garums 210 cm<br \/>\nGultas \u0101r\u0113jais platums + 14 cm pie matra\u010da platuma<\/p>\n","protected":false},"excerpt":{"rendered":"<p>Gulta &#8221; Mona &#8221; izgatavota no melnalk\u0161\u0146a mas\u012bvkoka &#8211; 30-40 mm bieza materi\u0101la, kas padara gultas konstrukciju stabilu un iztur\u012bgu. Gultas visas deta\u013cas ir nofr\u0113z\u0113tas\/ noapa\u013cotas, kas padara gultas lieto\u0161anu un izskatu pat\u012bkam\u0101ku. Gultas b\u0101zes komplekt\u0101 iek\u013cauts gultas karkas un izm\u0113riem s\u0101kot no 120 platuma ar\u012b vidus l\u012bste ar regul\u0113jamu centr\u0101lo atbalsta k\u0101ju. Matra\u010da atbalsta [&hellip;]<\/p>\n","protected":false},"featured_media":2469,"comment_status":"open","ping_status":"closed","template":"","meta":[],"_links":{"self":[{"href":"https:\/\/aizputesmebeles.lv\/index.php?rest_route=\/wp\/v2\/product\/918"}],"collection":[{"href":"https:\/\/aizputesmebeles.lv\/index.php?rest_route=\/wp\/v2\/product"}],"about":[{"href":"https:\/\/aizputesmebeles.lv\/index.php?rest_route=\/wp\/v2\/types\/product"}],"replies":[{"embeddable":true,"href":"https:\/\/aizputesmebeles.lv\/index.php?rest_route=%2Fwp%2Fv2%2Fcomments&post=918"}],"wp:featuredmedia":[{"embeddable":true,"href":"https:\/\/aizputesmebeles.lv\/index.php?rest_route=\/wp\/v2\/media\/2469"}],"wp:attachment":[{"href":"https:\/\/aizputesmebeles.lv\/index.php?rest_route=%2Fwp%2Fv2%2Fmedia&parent=918"}],"curies":[{"name":"wp","href":"https:\/\/api.w.org\/{rel}","templated":true}]}}