{"id":917,"date":"2021-04-09T01:41:10","date_gmt":"2021-04-08T22:41:10","guid":{"rendered":"http:\/\/aizputesmebeles.lv\/?post_type=product&#038;p=917"},"modified":"2026-04-11T15:17:19","modified_gmt":"2026-04-11T12:17:19","slug":"gulta-maija","status":"publish","type":"product","link":"https:\/\/aizputesmebeles.lv\/?product=gulta-maija","title":{"rendered":"Gulta &#8220;MAIJA&#8221;"},"content":{"rendered":"<p>Gulta &#8221; Maija &#8221; izgatavota no melnalk\u0161\u0146a mas\u012bvkoka. Gultas konstrukcija paredz\u0113ta viegli main\u012bt gu\u013cam\u0101s vietas izm\u0113ru no 120 cm uz 180 cm.<br \/>\nAtbalsta l\u012bstes matracim ir iek\u013cautas gultas komplekt\u0101 un cen\u0101.<br \/>\nGultai ir paredz\u0113ts divda\u013c\u012bgs matracis kuram ir iesp\u0113jams da\u017e\u0101ds pild\u012bjums (matracis nav iek\u013cauts gultas cen\u0101).<br \/>\nGultai ir iesp\u0113jams piekomplekt\u0113t ve\u013cas kasti kura ir ir izgatavota no melnalk\u0161\u0146a mas\u012bvkoka un ar riten\u012b\u0161iem(ve\u013cas kaste nav iek\u013cauta gultas cen\u0101).<\/p>\n<p>Gultas \u0101r\u0113jais izm\u0113rs:<br \/>\nSalikt\u0101 veid\u0101 125 x85 cm<br \/>\nIzlaist\u0101 veid\u0101 185 x 85 cm<br \/>\nMatra\u010da izm\u0113ri 120 x 75 cm un 60 x 75 cm<\/p>\n","protected":false},"excerpt":{"rendered":"<p>Gulta &#8221; Maija &#8221; izgatavota no melnalk\u0161\u0146a mas\u012bvkoka. Gultas konstrukcija paredz\u0113ta viegli main\u012bt gu\u013cam\u0101s vietas izm\u0113ru no 120 cm uz 180 cm. Atbalsta l\u012bstes matracim ir iek\u013cautas gultas komplekt\u0101 un cen\u0101. Gultai ir paredz\u0113ts divda\u013c\u012bgs matracis kuram ir iesp\u0113jams da\u017e\u0101ds pild\u012bjums (matracis nav iek\u013cauts gultas cen\u0101). Gultai ir iesp\u0113jams piekomplekt\u0113t ve\u013cas kasti kura ir ir [&hellip;]<\/p>\n","protected":false},"featured_media":2488,"comment_status":"open","ping_status":"closed","template":"","meta":[],"_links":{"self":[{"href":"https:\/\/aizputesmebeles.lv\/index.php?rest_route=\/wp\/v2\/product\/917"}],"collection":[{"href":"https:\/\/aizputesmebeles.lv\/index.php?rest_route=\/wp\/v2\/product"}],"about":[{"href":"https:\/\/aizputesmebeles.lv\/index.php?rest_route=\/wp\/v2\/types\/product"}],"replies":[{"embeddable":true,"href":"https:\/\/aizputesmebeles.lv\/index.php?rest_route=%2Fwp%2Fv2%2Fcomments&post=917"}],"wp:featuredmedia":[{"embeddable":true,"href":"https:\/\/aizputesmebeles.lv\/index.php?rest_route=\/wp\/v2\/media\/2488"}],"wp:attachment":[{"href":"https:\/\/aizputesmebeles.lv\/index.php?rest_route=%2Fwp%2Fv2%2Fmedia&parent=917"}],"curies":[{"name":"wp","href":"https:\/\/api.w.org\/{rel}","templated":true}]}}