{"id":916,"date":"2021-04-09T01:41:10","date_gmt":"2021-04-08T22:41:10","guid":{"rendered":"http:\/\/aizputesmebeles.lv\/?post_type=product&#038;p=916"},"modified":"2026-03-22T16:39:32","modified_gmt":"2026-03-22T14:39:32","slug":"lote-gulta-90-cm-ar-lamelem","status":"publish","type":"product","link":"https:\/\/aizputesmebeles.lv\/?product=lote-gulta-90-cm-ar-lamelem","title":{"rendered":"LOTE gulta 90 cm ar lamel\u0113m"},"content":{"rendered":"<p>Gulta Lote Ir izgatavota no melnalk\u0161\u0146a mas\u012bvkoka un iztur\u012bga vienviet\u012bga gulta. Gulta ir lakota dab\u012bg\u0101 koka kr\u0101s\u0101 ( gultu ir iesp\u0113jams noton\u0113t ar\u012b pienaini balt\u0101, rieksta, mahagona ton\u012b utt&#8230; ) Pamata cena atbilst dab\u012bgajai koka kr\u0101sai!<br \/>\n\u0160\u012bs gultas komplekt\u0101 ir iek\u013cautas matra\u010da atbalsta l\u012bstes \/redele kas izgatavota no iztur\u012bga sapl\u0101k\u0161\u0146a.<br \/>\nGultai ir iesp\u0113jams piekomplekt\u0113t kl\u0101t ve\u013cas kasti zem gultas k\u0101 ar\u012b k\u0101jgal\u012b nosedzo\u0161o paneli, kas nosedz ve\u013cas kasti no k\u0101jga\u013ca.<br \/>\nVe\u013cas kaste un nosedzo\u0161ais panelis k\u0101jgal\u012b nav iek\u013cauts gultas komplekta cen\u0101!<\/p>\n","protected":false},"excerpt":{"rendered":"<p>Gulta Lote Ir izgatavota no melnalk\u0161\u0146a mas\u012bvkoka un iztur\u012bga vienviet\u012bga gulta. Gulta ir lakota dab\u012bg\u0101 koka kr\u0101s\u0101 ( gultu ir iesp\u0113jams noton\u0113t ar\u012b pienaini balt\u0101, rieksta, mahagona ton\u012b utt&#8230; ) Pamata cena atbilst dab\u012bgajai koka kr\u0101sai! \u0160\u012bs gultas komplekt\u0101 ir iek\u013cautas matra\u010da atbalsta l\u012bstes \/redele kas izgatavota no iztur\u012bga sapl\u0101k\u0161\u0146a. Gultai ir iesp\u0113jams piekomplekt\u0113t kl\u0101t [&hellip;]<\/p>\n","protected":false},"featured_media":3687,"comment_status":"open","ping_status":"closed","template":"","meta":[],"_links":{"self":[{"href":"https:\/\/aizputesmebeles.lv\/index.php?rest_route=\/wp\/v2\/product\/916"}],"collection":[{"href":"https:\/\/aizputesmebeles.lv\/index.php?rest_route=\/wp\/v2\/product"}],"about":[{"href":"https:\/\/aizputesmebeles.lv\/index.php?rest_route=\/wp\/v2\/types\/product"}],"replies":[{"embeddable":true,"href":"https:\/\/aizputesmebeles.lv\/index.php?rest_route=%2Fwp%2Fv2%2Fcomments&post=916"}],"wp:featuredmedia":[{"embeddable":true,"href":"https:\/\/aizputesmebeles.lv\/index.php?rest_route=\/wp\/v2\/media\/3687"}],"wp:attachment":[{"href":"https:\/\/aizputesmebeles.lv\/index.php?rest_route=%2Fwp%2Fv2%2Fmedia&parent=916"}],"curies":[{"name":"wp","href":"https:\/\/api.w.org\/{rel}","templated":true}]}}