{"id":908,"date":"2021-04-09T01:41:10","date_gmt":"2021-04-08T22:41:10","guid":{"rendered":"http:\/\/aizputesmebeles.lv\/?post_type=product&#038;p=908"},"modified":"2026-01-06T12:23:28","modified_gmt":"2026-01-06T10:23:28","slug":"stura-divans-otello-xl","status":"publish","type":"product","link":"https:\/\/aizputesmebeles.lv\/?product=stura-divans-otello-xl","title":{"rendered":"St\u016bra d\u012bv\u0101ns Otello XL(lielais)"},"content":{"rendered":"<p>St\u016bra d\u012bv\u0101ns &#8220;Otelo XL&#8221; lielais<br \/>\nSt\u016bra d\u012bv\u0101ns ar lielu gu\u013camo vietu un div\u0101m ve\u013c\u0101s kast\u0113m!<br \/>\nD\u012bv\u0101nam ir atsperu matra\u010di un nepiecie\u0161am\u012bbas gad\u012bjum\u0101 ir iesp\u0113jams pastiprin\u0101t matra\u010dus ( par \u0161\u0101du iesp\u0113ju konsult\u0113jaties ar p\u0101rdev\u0113ju).<br \/>\nIzlaist d\u012bv\u0101nu var ar rite\u0146u meh\u0101nismu vai ar lifta meh\u0101nismu ( b\u0101zes cena ir nor\u0101d\u012bta ar rite\u0146u meh\u0101nismu).<br \/>\nPas\u016btot ir iesp\u0113jams izv\u0113l\u0113ties kur\u0101 pus\u0113 atrad\u012bsies st\u016bris un izv\u0113l\u0113ties ar\u012b citus audumus(cena var main\u012bties izv\u0113loties citu audumu).<br \/>\nD\u012bv\u0101nam ir iesp\u0113jams main\u012bt izm\u0113rus ( konsult\u0113jaties ar p\u0101rdev\u0113ju).<br \/>\n\u0100r\u0113jais izm\u0113rs 165 x 325 cm<br \/>\nGu\u013cam\u0101s vietas izm\u0113rs 165 x 280 cm<\/p>\n","protected":false},"excerpt":{"rendered":"<p>St\u016bra d\u012bv\u0101ns &#8220;Otelo XL&#8221; lielais St\u016bra d\u012bv\u0101ns ar lielu gu\u013camo vietu un div\u0101m ve\u013c\u0101s kast\u0113m! D\u012bv\u0101nam ir atsperu matra\u010di un nepiecie\u0161am\u012bbas gad\u012bjum\u0101 ir iesp\u0113jams pastiprin\u0101t matra\u010dus ( par \u0161\u0101du iesp\u0113ju konsult\u0113jaties ar p\u0101rdev\u0113ju). Izlaist d\u012bv\u0101nu var ar rite\u0146u meh\u0101nismu vai ar lifta meh\u0101nismu ( b\u0101zes cena ir nor\u0101d\u012bta ar rite\u0146u meh\u0101nismu). Pas\u016btot ir iesp\u0113jams izv\u0113l\u0113ties [&hellip;]<\/p>\n","protected":false},"featured_media":2520,"comment_status":"open","ping_status":"closed","template":"","meta":[],"_links":{"self":[{"href":"https:\/\/aizputesmebeles.lv\/index.php?rest_route=\/wp\/v2\/product\/908"}],"collection":[{"href":"https:\/\/aizputesmebeles.lv\/index.php?rest_route=\/wp\/v2\/product"}],"about":[{"href":"https:\/\/aizputesmebeles.lv\/index.php?rest_route=\/wp\/v2\/types\/product"}],"replies":[{"embeddable":true,"href":"https:\/\/aizputesmebeles.lv\/index.php?rest_route=%2Fwp%2Fv2%2Fcomments&post=908"}],"wp:featuredmedia":[{"embeddable":true,"href":"https:\/\/aizputesmebeles.lv\/index.php?rest_route=\/wp\/v2\/media\/2520"}],"wp:attachment":[{"href":"https:\/\/aizputesmebeles.lv\/index.php?rest_route=%2Fwp%2Fv2%2Fmedia&parent=908"}],"curies":[{"name":"wp","href":"https:\/\/api.w.org\/{rel}","templated":true}]}}