{"id":906,"date":"2021-04-09T01:41:10","date_gmt":"2021-04-08T22:41:10","guid":{"rendered":"http:\/\/aizputesmebeles.lv\/?post_type=product&#038;p=906"},"modified":"2026-01-06T12:16:16","modified_gmt":"2026-01-06T10:16:16","slug":"artis-atputas-kresls-2","status":"publish","type":"product","link":"https:\/\/aizputesmebeles.lv\/?product=artis-atputas-kresls-2","title":{"rendered":"\u0160\u016bpu\u013ckr\u0113sls Artis"},"content":{"rendered":"<p>\u0160\u016bpu\u013ckr\u0113sls Artis<br \/>\nStabils un \u0113rts atp\u016btas kr\u0113sls ar augstu atzveltni, kas \u013cauj atp\u016btin\u0101t plecus un galvu.<br \/>\nKr\u0113slam ir 15 cm platas roku balsta virsmas, kas \u013cauj br\u012bvi novietot roku vai gr\u0101matu.<br \/>\nPas\u016btot ir iesp\u0113jams main\u012bt kr\u0113sla audumu vai roku balstu toni.<br \/>\nNo auduma izv\u0113les var main\u012bties kr\u0113sla cena.<br \/>\nCita to\u0146a izv\u0113le roku balstiem ir iesp\u0113jama par papildus samaksu (rieksts, mahagons, balin\u0101ts).<\/p>\n","protected":false},"excerpt":{"rendered":"<p>\u0160\u016bpu\u013ckr\u0113sls Artis Stabils un \u0113rts atp\u016btas kr\u0113sls ar augstu atzveltni, kas \u013cauj atp\u016btin\u0101t plecus un galvu. Kr\u0113slam ir 15 cm platas roku balsta virsmas, kas \u013cauj br\u012bvi novietot roku vai gr\u0101matu. Pas\u016btot ir iesp\u0113jams main\u012bt kr\u0113sla audumu vai roku balstu toni. No auduma izv\u0113les var main\u012bties kr\u0113sla cena. Cita to\u0146a izv\u0113le roku balstiem ir iesp\u0113jama [&hellip;]<\/p>\n","protected":false},"featured_media":2549,"comment_status":"open","ping_status":"closed","template":"","meta":[],"_links":{"self":[{"href":"https:\/\/aizputesmebeles.lv\/index.php?rest_route=\/wp\/v2\/product\/906"}],"collection":[{"href":"https:\/\/aizputesmebeles.lv\/index.php?rest_route=\/wp\/v2\/product"}],"about":[{"href":"https:\/\/aizputesmebeles.lv\/index.php?rest_route=\/wp\/v2\/types\/product"}],"replies":[{"embeddable":true,"href":"https:\/\/aizputesmebeles.lv\/index.php?rest_route=%2Fwp%2Fv2%2Fcomments&post=906"}],"wp:featuredmedia":[{"embeddable":true,"href":"https:\/\/aizputesmebeles.lv\/index.php?rest_route=\/wp\/v2\/media\/2549"}],"wp:attachment":[{"href":"https:\/\/aizputesmebeles.lv\/index.php?rest_route=%2Fwp%2Fv2%2Fmedia&parent=906"}],"curies":[{"name":"wp","href":"https:\/\/api.w.org\/{rel}","templated":true}]}}