{"id":900,"date":"2021-04-09T01:41:09","date_gmt":"2021-04-08T22:41:09","guid":{"rendered":"http:\/\/aizputesmebeles.lv\/?post_type=product&#038;p=900"},"modified":"2026-01-06T12:37:53","modified_gmt":"2026-01-06T10:37:53","slug":"tahta-laura-90x200-cm-ar-audumu-aptapsatas-muguria%e2%80%a0as","status":"publish","type":"product","link":"https:\/\/aizputesmebeles.lv\/?product=tahta-laura-90x200-cm-ar-audumu-aptapsatas-muguria%e2%80%a0as","title":{"rendered":"Tahta LAURA"},"content":{"rendered":"<p>Tahta Laura<br \/>\nKvalitat\u012bva, iztur\u012bga un \u0113rta tahta ar pla\u0161u un ietilp\u012bgu ve\u013cas kasti.<br \/>\nTahtai ir atsperu matracis uz koka r\u0101mja ar vat\u012bna taps\u0113jumu un m\u0113be\u013cu audumu.<br \/>\nPas\u016btot tahtu var izv\u0113l\u0113ties kur\u0101 pus\u0113 atrodas galvgalis (skatoties no atveram\u0101s puses uz tahtu un izv\u0113lamies vai galvgalis ir pa kreisi, vai pa labi).<br \/>\nTahtu var pas\u016bt\u012bt ar da\u017e\u0101du matra\u010du platumu (piem\u0113ram 90&#215;200&#8230; Tas ir matra\u010da izm\u0113rs kuram kl\u0101t n\u0101k galvga\u013ca izm\u0113rs 2 cm ~~ un muguras biezums 2 cm ~~).<br \/>\nTahtai var izv\u0113l\u0113ties da\u017e\u0101dus audumus un no auduma izv\u0113les var main\u012bties izstr\u0101d\u0101juma cena.<br \/>\nBild\u0113s redzamie aksesu\u0101ri ( piem. spilveni&#8230;) nav iek\u013cauti tahtas cen\u0101.<br \/>\nJa nepiecie\u0161ams ir iesp\u0113jams main\u012bt matra\u010da pild\u012bjumu, pastiprin\u0101t &#8230;!<\/p>\n","protected":false},"excerpt":{"rendered":"<p>Tahta Laura Kvalitat\u012bva, iztur\u012bga un \u0113rta tahta ar pla\u0161u un ietilp\u012bgu ve\u013cas kasti. Tahtai ir atsperu matracis uz koka r\u0101mja ar vat\u012bna taps\u0113jumu un m\u0113be\u013cu audumu. Pas\u016btot tahtu var izv\u0113l\u0113ties kur\u0101 pus\u0113 atrodas galvgalis (skatoties no atveram\u0101s puses uz tahtu un izv\u0113lamies vai galvgalis ir pa kreisi, vai pa labi). Tahtu var pas\u016bt\u012bt ar da\u017e\u0101du [&hellip;]<\/p>\n","protected":false},"featured_media":930,"comment_status":"open","ping_status":"closed","template":"","meta":[],"_links":{"self":[{"href":"https:\/\/aizputesmebeles.lv\/index.php?rest_route=\/wp\/v2\/product\/900"}],"collection":[{"href":"https:\/\/aizputesmebeles.lv\/index.php?rest_route=\/wp\/v2\/product"}],"about":[{"href":"https:\/\/aizputesmebeles.lv\/index.php?rest_route=\/wp\/v2\/types\/product"}],"replies":[{"embeddable":true,"href":"https:\/\/aizputesmebeles.lv\/index.php?rest_route=%2Fwp%2Fv2%2Fcomments&post=900"}],"wp:featuredmedia":[{"embeddable":true,"href":"https:\/\/aizputesmebeles.lv\/index.php?rest_route=\/wp\/v2\/media\/930"}],"wp:attachment":[{"href":"https:\/\/aizputesmebeles.lv\/index.php?rest_route=%2Fwp%2Fv2%2Fmedia&parent=900"}],"curies":[{"name":"wp","href":"https:\/\/api.w.org\/{rel}","templated":true}]}}