{"id":887,"date":"2021-04-09T01:40:49","date_gmt":"2021-04-08T22:40:49","guid":{"rendered":"http:\/\/aizputesmebeles.lv\/?post_type=product&#038;p=887"},"modified":"2024-07-08T15:03:54","modified_gmt":"2024-07-08T12:03:54","slug":"divans-kastello-2-ar-lifta-meha%c2%81nismu","status":"publish","type":"product","link":"https:\/\/aizputesmebeles.lv\/?product=divans-kastello-2-ar-lifta-meha%c2%81nismu","title":{"rendered":"D\u012bv\u0101ns KASTELLO-2"},"content":{"rendered":"","protected":false},"excerpt":{"rendered":"<p>Ar lifta meh\u0101\u0081nismu<\/p>\n","protected":false},"featured_media":2547,"comment_status":"open","ping_status":"closed","template":"","meta":[],"_links":{"self":[{"href":"https:\/\/aizputesmebeles.lv\/index.php?rest_route=\/wp\/v2\/product\/887"}],"collection":[{"href":"https:\/\/aizputesmebeles.lv\/index.php?rest_route=\/wp\/v2\/product"}],"about":[{"href":"https:\/\/aizputesmebeles.lv\/index.php?rest_route=\/wp\/v2\/types\/product"}],"replies":[{"embeddable":true,"href":"https:\/\/aizputesmebeles.lv\/index.php?rest_route=%2Fwp%2Fv2%2Fcomments&post=887"}],"wp:featuredmedia":[{"embeddable":true,"href":"https:\/\/aizputesmebeles.lv\/index.php?rest_route=\/wp\/v2\/media\/2547"}],"wp:attachment":[{"href":"https:\/\/aizputesmebeles.lv\/index.php?rest_route=%2Fwp%2Fv2%2Fmedia&parent=887"}],"curies":[{"name":"wp","href":"https:\/\/api.w.org\/{rel}","templated":true}]}}