{"id":885,"date":"2021-04-09T01:40:49","date_gmt":"2021-04-08T22:40:49","guid":{"rendered":"http:\/\/aizputesmebeles.lv\/?post_type=product&#038;p=885"},"modified":"2023-07-01T16:15:07","modified_gmt":"2023-07-01T13:15:07","slug":"divans-kastello-1-izvelkams-uz-ritenisiem","status":"publish","type":"product","link":"https:\/\/aizputesmebeles.lv\/?product=divans-kastello-1-izvelkams-uz-ritenisiem","title":{"rendered":"D\u012bv\u0101ns KASTELLO-1"},"content":{"rendered":"","protected":false},"excerpt":{"rendered":"<p>Izvelkams uz riten\u012b\u0161iem<\/p>\n","protected":false},"featured_media":2547,"comment_status":"open","ping_status":"closed","template":"","meta":[],"_links":{"self":[{"href":"https:\/\/aizputesmebeles.lv\/index.php?rest_route=\/wp\/v2\/product\/885"}],"collection":[{"href":"https:\/\/aizputesmebeles.lv\/index.php?rest_route=\/wp\/v2\/product"}],"about":[{"href":"https:\/\/aizputesmebeles.lv\/index.php?rest_route=\/wp\/v2\/types\/product"}],"replies":[{"embeddable":true,"href":"https:\/\/aizputesmebeles.lv\/index.php?rest_route=%2Fwp%2Fv2%2Fcomments&post=885"}],"wp:featuredmedia":[{"embeddable":true,"href":"https:\/\/aizputesmebeles.lv\/index.php?rest_route=\/wp\/v2\/media\/2547"}],"wp:attachment":[{"href":"https:\/\/aizputesmebeles.lv\/index.php?rest_route=%2Fwp%2Fv2%2Fmedia&parent=885"}],"curies":[{"name":"wp","href":"https:\/\/api.w.org\/{rel}","templated":true}]}}