{"id":878,"date":"2021-04-09T01:40:48","date_gmt":"2021-04-08T22:40:48","guid":{"rendered":"http:\/\/aizputesmebeles.lv\/?post_type=product&#038;p=878"},"modified":"2026-01-06T12:17:02","modified_gmt":"2026-01-06T10:17:02","slug":"diva%c2%81ns-artis","status":"publish","type":"product","link":"https:\/\/aizputesmebeles.lv\/?product=diva%c2%81ns-artis","title":{"rendered":"D\u012bv\u0101ns ARTIS"},"content":{"rendered":"<p>D\u012bv\u0101ns Artis<br \/>\nIzlai\u017eams d\u012bv\u0101ns ar ve\u013cas kasti. D\u012bv\u0101nam ir atsperu matra\u010di ar koka r\u0101mjiem un ar vat\u012bna taps\u0113jumu.<br \/>\nRoku balsti un ve\u013cas kaste ir izgatavota no melnalk\u0161\u0146a mas\u012bvkoka.<br \/>\nD\u012bv\u0101nu var pas\u016bt\u012bt da\u017e\u0101dos audumos un roku balstus ir iesp\u0113jams ton\u0113t ar\u012b cit\u0101s kr\u0101s\u0101s (rieksts, mahagons, balin\u0101ts).<br \/>\nCena var main\u012bties no izv\u0113l\u0113t\u0101 auduma.<br \/>\nRoku balstu to\u0146a mai\u0146a ir iesp\u0113jama par papildus samaksu.<\/p>\n<p>D\u012bv\u0101na \u0101r\u0113jie izm\u0113ri &#8211; 120 x 235 cm<br \/>\nGu\u013cam\u0101s vietas izm\u0113ri &#8211; 120 x 200 cm.<\/p>\n","protected":false},"excerpt":{"rendered":"<p>D\u012bv\u0101ns Artis Izlai\u017eams d\u012bv\u0101ns ar ve\u013cas kasti. D\u012bv\u0101nam ir atsperu matra\u010di ar koka r\u0101mjiem un ar vat\u012bna taps\u0113jumu. Roku balsti un ve\u013cas kaste ir izgatavota no melnalk\u0161\u0146a mas\u012bvkoka. D\u012bv\u0101nu var pas\u016bt\u012bt da\u017e\u0101dos audumos un roku balstus ir iesp\u0113jams ton\u0113t ar\u012b cit\u0101s kr\u0101s\u0101s (rieksts, mahagons, balin\u0101ts). Cena var main\u012bties no izv\u0113l\u0113t\u0101 auduma. Roku balstu to\u0146a mai\u0146a [&hellip;]<\/p>\n","protected":false},"featured_media":2528,"comment_status":"open","ping_status":"closed","template":"","meta":[],"_links":{"self":[{"href":"https:\/\/aizputesmebeles.lv\/index.php?rest_route=\/wp\/v2\/product\/878"}],"collection":[{"href":"https:\/\/aizputesmebeles.lv\/index.php?rest_route=\/wp\/v2\/product"}],"about":[{"href":"https:\/\/aizputesmebeles.lv\/index.php?rest_route=\/wp\/v2\/types\/product"}],"replies":[{"embeddable":true,"href":"https:\/\/aizputesmebeles.lv\/index.php?rest_route=%2Fwp%2Fv2%2Fcomments&post=878"}],"wp:featuredmedia":[{"embeddable":true,"href":"https:\/\/aizputesmebeles.lv\/index.php?rest_route=\/wp\/v2\/media\/2528"}],"wp:attachment":[{"href":"https:\/\/aizputesmebeles.lv\/index.php?rest_route=%2Fwp%2Fv2%2Fmedia&parent=878"}],"curies":[{"name":"wp","href":"https:\/\/api.w.org\/{rel}","templated":true}]}}