{"id":862,"date":"2021-04-09T01:40:47","date_gmt":"2021-04-08T22:40:47","guid":{"rendered":"http:\/\/aizputesmebeles.lv\/?post_type=product&#038;p=862"},"modified":"2026-01-06T14:08:02","modified_gmt":"2026-01-06T12:08:02","slug":"kumode-b6-kolekcija-eta","status":"publish","type":"product","link":"https:\/\/aizputesmebeles.lv\/?product=kumode-b6-kolekcija-eta","title":{"rendered":"Kumode 6B kolekcija ETA"},"content":{"rendered":"<p>Kumodes &#8220;ETA&#8221; ir izgatavotas no melnalk\u0161\u0146a mas\u012bvkoka un tiek lakotas dab\u012bg\u0101 ton\u012b. S\u0113rijveid\u0101 kumodes atvilktnes tiek izgatavotas ar rull\u012b\u0161u vadotn\u0113m. Atvilktn\u0113m ir gareni koka rokturi. Atvilkt\u0146u s\u0101ni ir izgatavoti no sapl\u0101k\u0161\u0146a.<br \/>\nKumodei ir iesp\u0113jamas papildus opcijas:<br \/>\n1. Katru divu mazo atvilkt\u0146u viet\u0101 var likt vienu dzi\u013co atvilktni (\u0161\u012b opcija neatst\u0101j iespaidu uz cenu).<br \/>\n2. Atvilktnes var izgatavot ar (soft close\/ vadotnes ar bremz\u0113m) par papildus samaksu.<br \/>\n3. Var beic\u0113t rieksta, mahagona un pienaini balt\u0101 ton\u012b (nedaudz redzams koka raksts) \u0161\u012b opcija ir par papildus samaksu.<br \/>\n4. Kumodei ir iesp\u0113jams ar\u012b main\u012bt citus rokturus un k\u0101jas (\u0161\u012b opcija ir par papildus samaksu).<br \/>\n5. S\u0113rijveid\u0101 atvilkt\u0146u s\u0101ni ir no sl\u012bp\u0113ta sapl\u0101k\u0161\u0146a bez lakas. Atvilkt\u0146u s\u0101nus ir iesp\u0113jams ar\u012b lakot (\u0161\u012b opcija ir par papildus samaksu).<br \/>\nJa ir nepiecie\u0161amas standarta kumodei k\u0101das izmai\u0146as sazinieties ar p\u0101rdev\u0113ju konsultantu lai preciz\u0113tu termi\u0146us un izmaksas!<\/p>\n","protected":false},"excerpt":{"rendered":"<p><strong>Izm\u0113rs:<\/strong><br \/>\nPlatums 65,5cm<br \/>\nAugstums 108cm<br \/>\nDzi\u013cums 49cm<br \/>\nMelnalksnis<\/p>\n","protected":false},"featured_media":892,"comment_status":"open","ping_status":"closed","template":"","meta":[],"_links":{"self":[{"href":"https:\/\/aizputesmebeles.lv\/index.php?rest_route=\/wp\/v2\/product\/862"}],"collection":[{"href":"https:\/\/aizputesmebeles.lv\/index.php?rest_route=\/wp\/v2\/product"}],"about":[{"href":"https:\/\/aizputesmebeles.lv\/index.php?rest_route=\/wp\/v2\/types\/product"}],"replies":[{"embeddable":true,"href":"https:\/\/aizputesmebeles.lv\/index.php?rest_route=%2Fwp%2Fv2%2Fcomments&post=862"}],"wp:featuredmedia":[{"embeddable":true,"href":"https:\/\/aizputesmebeles.lv\/index.php?rest_route=\/wp\/v2\/media\/892"}],"wp:attachment":[{"href":"https:\/\/aizputesmebeles.lv\/index.php?rest_route=%2Fwp%2Fv2%2Fmedia&parent=862"}],"curies":[{"name":"wp","href":"https:\/\/api.w.org\/{rel}","templated":true}]}}