{"id":3983,"date":"2026-02-21T14:13:03","date_gmt":"2026-02-21T12:13:03","guid":{"rendered":"https:\/\/aizputesmebeles.lv\/?post_type=product&#038;p=3983"},"modified":"2026-02-21T14:13:04","modified_gmt":"2026-02-21T12:13:04","slug":"apalais-galds-d90","status":"publish","type":"product","link":"https:\/\/aizputesmebeles.lv\/?product=apalais-galds-d90","title":{"rendered":"Apa\u013cais galds D90"},"content":{"rendered":"<p>S\u0113rijveid\u0101 \u0161is galds tiek izgatavots no melnalk\u0161\u0146a mas\u012bvkoka un ir dab\u012bgaj\u0101 ton\u012b lakots. Galda k\u0101jas ir nedaudz sl\u012bpas kas uz apak\u0161pusi sa\u0161aurin\u0101s. Galda virsma ir no 3cm bieza mas\u012bvkoka un ir 90 cm diametr\u0101.<br \/>\nGalda dab\u012bgais tonis atbilst galda pamat cenai. Ir iesp\u0113jams galdu nobeic\u0113t rieksta, mahagona, pienaini balt\u0101 ton\u012b (\u0161\u012b opcija ir par papildus samaksu).<br \/>\nT\u0101pat galdu var izgatavot no cit\u0101m koka sug\u0101m un v\u0113l citos to\u0146os (par \u0161o opciju konsult\u0113jaties ar p\u0101rdev\u0113ju).<\/p>\n<p>Diametrs 90 cm<br \/>\nAugstums 75 cm<\/p>\n","protected":false},"excerpt":{"rendered":"<p>S\u0113rijveid\u0101 \u0161is galds tiek izgatavots no melnalk\u0161\u0146a mas\u012bvkoka un ir dab\u012bgaj\u0101 ton\u012b lakots. Galda k\u0101jas ir nedaudz sl\u012bpas kas uz apak\u0161pusi sa\u0161aurin\u0101s. Galda virsma ir no 3cm bieza mas\u012bvkoka un ir 90 cm diametr\u0101. Galda dab\u012bgais tonis atbilst galda pamat cenai. Ir iesp\u0113jams galdu nobeic\u0113t rieksta, mahagona, pienaini balt\u0101 ton\u012b (\u0161\u012b opcija ir par papildus [&hellip;]<\/p>\n","protected":false},"featured_media":3984,"comment_status":"open","ping_status":"closed","template":"","meta":[],"_links":{"self":[{"href":"https:\/\/aizputesmebeles.lv\/index.php?rest_route=\/wp\/v2\/product\/3983"}],"collection":[{"href":"https:\/\/aizputesmebeles.lv\/index.php?rest_route=\/wp\/v2\/product"}],"about":[{"href":"https:\/\/aizputesmebeles.lv\/index.php?rest_route=\/wp\/v2\/types\/product"}],"replies":[{"embeddable":true,"href":"https:\/\/aizputesmebeles.lv\/index.php?rest_route=%2Fwp%2Fv2%2Fcomments&post=3983"}],"wp:featuredmedia":[{"embeddable":true,"href":"https:\/\/aizputesmebeles.lv\/index.php?rest_route=\/wp\/v2\/media\/3984"}],"wp:attachment":[{"href":"https:\/\/aizputesmebeles.lv\/index.php?rest_route=%2Fwp%2Fv2%2Fmedia&parent=3983"}],"curies":[{"name":"wp","href":"https:\/\/api.w.org\/{rel}","templated":true}]}}