{"id":3913,"date":"2026-02-20T17:29:07","date_gmt":"2026-02-20T15:29:07","guid":{"rendered":"https:\/\/aizputesmebeles.lv\/?post_type=product&#038;p=3913"},"modified":"2026-02-21T12:35:48","modified_gmt":"2026-02-21T10:35:48","slug":"pusdienu-galds-80","status":"publish","type":"product","link":"https:\/\/aizputesmebeles.lv\/?product=pusdienu-galds-80","title":{"rendered":"Pusdienu galds 80"},"content":{"rendered":"<p>S\u0113rijveid\u0101 galdi tiek izgatavoti no melnalk\u0161\u0146a mas\u012bvkoka un ir dab\u012bg\u0101 ton\u012b lakoti. Galda virsma izgatavota no 3 cm biezas mas\u012bvkoka blates. Galda st\u016brus var izv\u0113l\u0113ties vai kantainus, vai noapa\u013cotus. Pamata cen\u0101m atbilst standarta tonis!<br \/>\nGaldus ir iesp\u0113jams ton\u0113t rieksta, mahagona, vai pienaini balt\u0101 ton\u012b. \u0160\u012bs opcijas ir par papildus samaksu.<br \/>\nIr iesp\u0113jams izgatavot no cita koka sugas, citos izm\u0113ros, cit\u0101 ton\u012b (par \u0161\u012bm opcij\u0101m konsult\u0113ties ar p\u0101rdev\u0113ju)<br \/>\nVisas cenas nor\u0101d\u012btas ar PVN.<\/p>\n<p><em>Izm\u0113ri cm garums, platums, augstums<\/em>:<br \/>\n80x60x75h<br \/>\n80x70x75h<br \/>\n80x80x75h<br \/>\n80x90x75h<\/p>\n","protected":false},"excerpt":{"rendered":"<p>S\u0113rijveid\u0101 galdi tiek izgatavoti no melnalk\u0161\u0146a mas\u012bvkoka un ir dab\u012bg\u0101 ton\u012b lakoti. Galda virsma izgatavota no 3 cm biezas mas\u012bvkoka blates. Galda st\u016brus var izv\u0113l\u0113ties vai kantainus, vai noapa\u013cotus. Pamata cen\u0101m atbilst standarta tonis! Galdus ir iesp\u0113jams ton\u0113t rieksta, mahagona, vai pienaini balt\u0101 ton\u012b. \u0160\u012bs opcijas ir par papildus samaksu. Ir iesp\u0113jams izgatavot no cita [&hellip;]<\/p>\n","protected":false},"featured_media":3918,"comment_status":"open","ping_status":"closed","template":"","meta":[],"_links":{"self":[{"href":"https:\/\/aizputesmebeles.lv\/index.php?rest_route=\/wp\/v2\/product\/3913"}],"collection":[{"href":"https:\/\/aizputesmebeles.lv\/index.php?rest_route=\/wp\/v2\/product"}],"about":[{"href":"https:\/\/aizputesmebeles.lv\/index.php?rest_route=\/wp\/v2\/types\/product"}],"replies":[{"embeddable":true,"href":"https:\/\/aizputesmebeles.lv\/index.php?rest_route=%2Fwp%2Fv2%2Fcomments&post=3913"}],"wp:featuredmedia":[{"embeddable":true,"href":"https:\/\/aizputesmebeles.lv\/index.php?rest_route=\/wp\/v2\/media\/3918"}],"wp:attachment":[{"href":"https:\/\/aizputesmebeles.lv\/index.php?rest_route=%2Fwp%2Fv2%2Fmedia&parent=3913"}],"curies":[{"name":"wp","href":"https:\/\/api.w.org\/{rel}","templated":true}]}}