{"id":3884,"date":"2025-11-19T18:49:50","date_gmt":"2025-11-19T16:49:50","guid":{"rendered":"https:\/\/aizputesmebeles.lv\/?post_type=product&#038;p=3884"},"modified":"2025-11-19T18:49:50","modified_gmt":"2025-11-19T16:49:50","slug":"aitas-vilnas-spilveni","status":"publish","type":"product","link":"https:\/\/aizputesmebeles.lv\/?product=aitas-vilnas-spilveni","title":{"rendered":"Aitas vilnas spilveni"},"content":{"rendered":"<p>Aitas vilnas spilvens ir izgatavots no dab\u012bgas aitas vilnas un kokvilnas apvalka.<br \/>\nSpilveniem ir pieejami standarta izm\u0113ros, bet ir iesp\u0113ja pas\u016bt\u012bt ar\u012b individu\u0101l\u0101 izm\u0113r\u0101.<\/p>\n","protected":false},"excerpt":{"rendered":"<p>Aitas vilnas spilvens ir izgatavots no dab\u012bgas aitas vilnas un kokvilnas apvalka. Spilveniem ir pieejami standarta izm\u0113ros, bet ir iesp\u0113ja pas\u016bt\u012bt ar\u012b individu\u0101l\u0101 izm\u0113r\u0101.<\/p>\n","protected":false},"featured_media":0,"comment_status":"open","ping_status":"closed","template":"","meta":[],"_links":{"self":[{"href":"https:\/\/aizputesmebeles.lv\/index.php?rest_route=\/wp\/v2\/product\/3884"}],"collection":[{"href":"https:\/\/aizputesmebeles.lv\/index.php?rest_route=\/wp\/v2\/product"}],"about":[{"href":"https:\/\/aizputesmebeles.lv\/index.php?rest_route=\/wp\/v2\/types\/product"}],"replies":[{"embeddable":true,"href":"https:\/\/aizputesmebeles.lv\/index.php?rest_route=%2Fwp%2Fv2%2Fcomments&post=3884"}],"wp:attachment":[{"href":"https:\/\/aizputesmebeles.lv\/index.php?rest_route=%2Fwp%2Fv2%2Fmedia&parent=3884"}],"curies":[{"name":"wp","href":"https:\/\/api.w.org\/{rel}","templated":true}]}}