{"id":3498,"date":"2023-05-20T19:13:28","date_gmt":"2023-05-20T16:13:28","guid":{"rendered":"https:\/\/aizputesmebeles.lv\/?post_type=product&#038;p=3498"},"modified":"2025-02-27T18:35:48","modified_gmt":"2025-02-27T16:35:48","slug":"pocket-latex-memory","status":"publish","type":"product","link":"https:\/\/aizputesmebeles.lv\/?product=pocket-latex-memory","title":{"rendered":"Pocket Latex\/Memory"},"content":{"rendered":"<p>Ortop\u0113disks matracis uz\u00a0atsperu bloka pamata -\u00abpocket\u00bb (255\u00a0atsperes\/\u043c<sup>2<\/sup>), nodro\u0161ina pareizu mugurkaula st\u0101vokli miega laik\u0101.<br \/>\nSegums\u00a0\u2014 augsti tehnolo\u0123isks materi\u0101ls \u00abmemory foam\u00bb. Pie\u0146em anatomisku \u0137erme\u0146a formu. \u013boti labi atbalsta mugurkaulu t\u0101\u00a0dab\u012bg\u0101 st\u0101vokl\u012b, nodro\u0161inot musku\u013cu atsl\u0101bin\u0101\u0161anos. Netrauc\u0113 norm\u0101lai asinsritei.<br \/>\nOtra puse\u00a0\u2014 perfor\u0113ts latekss \u2014 vingrs un\u00a0elast\u012bgs pild\u012bjums.<br \/>\nPie\u0146em anatomisku \u0137erme\u0146a formu Labi atbalsta mugurkaulu t\u0101\u00a0dab\u012bg\u0101 st\u0101vokl\u012b, nodro\u0161inot musku\u013cu atsl\u0101bin\u0101\u0161anos.<br \/>\nNo\u00a0ab\u0101m pus\u0113m p\u0101rkl\u0101ts ar\u00a0vatel\u012bna sl\u0101ni.<br \/>\nP\u0101rvalks no\u00a0step\u0113ta auduma ar\u00a0r\u0101v\u0113jsl\u0113dzi.<br \/>\nMatra\u010da augstums \u2248 20-21cm.<\/p>\n<p>\u2014 \u00abMemory Foam\u00bb<br \/>\n\u2014 Atsperu bloks &#8220;Pocket&#8221;<br \/>\n\u2014 Latekss<br \/>\n\u2014 Latekss<br \/>\n\u2014 Vatel\u012bns<\/p>\n","protected":false},"excerpt":{"rendered":"<p>Ortop\u0113disks matracis uz\u00a0atsperu bloka pamata -\u00abpocket\u00bb (255\u00a0atsperes\/\u043c2), nodro\u0161ina pareizu mugurkaula st\u0101vokli miega laik\u0101. Segums\u00a0\u2014 augsti tehnolo\u0123isks materi\u0101ls \u00abmemory foam\u00bb. Pie\u0146em anatomisku \u0137erme\u0146a formu. \u013boti labi atbalsta mugurkaulu t\u0101\u00a0dab\u012bg\u0101 st\u0101vokl\u012b, nodro\u0161inot musku\u013cu atsl\u0101bin\u0101\u0161anos. Netrauc\u0113 norm\u0101lai asinsritei. Otra puse\u00a0\u2014 perfor\u0113ts latekss \u2014 vingrs un\u00a0elast\u012bgs pild\u012bjums. Pie\u0146em anatomisku \u0137erme\u0146a formu Labi atbalsta mugurkaulu t\u0101\u00a0dab\u012bg\u0101 st\u0101vokl\u012b, nodro\u0161inot musku\u013cu atsl\u0101bin\u0101\u0161anos. [&hellip;]<\/p>\n","protected":false},"featured_media":3507,"comment_status":"open","ping_status":"closed","template":"","meta":[],"_links":{"self":[{"href":"https:\/\/aizputesmebeles.lv\/index.php?rest_route=\/wp\/v2\/product\/3498"}],"collection":[{"href":"https:\/\/aizputesmebeles.lv\/index.php?rest_route=\/wp\/v2\/product"}],"about":[{"href":"https:\/\/aizputesmebeles.lv\/index.php?rest_route=\/wp\/v2\/types\/product"}],"replies":[{"embeddable":true,"href":"https:\/\/aizputesmebeles.lv\/index.php?rest_route=%2Fwp%2Fv2%2Fcomments&post=3498"}],"wp:featuredmedia":[{"embeddable":true,"href":"https:\/\/aizputesmebeles.lv\/index.php?rest_route=\/wp\/v2\/media\/3507"}],"wp:attachment":[{"href":"https:\/\/aizputesmebeles.lv\/index.php?rest_route=%2Fwp%2Fv2%2Fmedia&parent=3498"}],"curies":[{"name":"wp","href":"https:\/\/api.w.org\/{rel}","templated":true}]}}