{"id":3478,"date":"2023-05-17T16:23:45","date_gmt":"2023-05-17T13:23:45","guid":{"rendered":"https:\/\/aizputesmebeles.lv\/?post_type=product&#038;p=3478"},"modified":"2026-01-06T13:00:36","modified_gmt":"2026-01-06T11:00:36","slug":"velas-kaste-80cm","status":"publish","type":"product","link":"https:\/\/aizputesmebeles.lv\/?product=velas-kaste-80cm","title":{"rendered":"Ve\u013cas kaste 80cm"},"content":{"rendered":"<p>Ve\u013cas kaste ar horizont\u0101lu atg\u0101\u017eamu durvi.<br \/>\nVe\u013cas kaste ir izgatavota no melnalk\u0161\u0146a mas\u012bvkoka un lakota dab\u012bg\u0101 ton\u012b.<\/p>\n<p>Augstums 54cm<br \/>\nDzi\u013cums 46 cm<br \/>\nPlatums 80cm<\/p>\n","protected":false},"excerpt":{"rendered":"<p><strong>Izm\u0113rs:<\/strong><br \/>\nPlatums 80cm<br \/>\nAugstums 54cm<br \/>\nDzi\u013cums 46cm<br \/>\nMelnalksnis<\/p>\n","protected":false},"featured_media":3487,"comment_status":"open","ping_status":"closed","template":"","meta":[],"_links":{"self":[{"href":"https:\/\/aizputesmebeles.lv\/index.php?rest_route=\/wp\/v2\/product\/3478"}],"collection":[{"href":"https:\/\/aizputesmebeles.lv\/index.php?rest_route=\/wp\/v2\/product"}],"about":[{"href":"https:\/\/aizputesmebeles.lv\/index.php?rest_route=\/wp\/v2\/types\/product"}],"replies":[{"embeddable":true,"href":"https:\/\/aizputesmebeles.lv\/index.php?rest_route=%2Fwp%2Fv2%2Fcomments&post=3478"}],"wp:featuredmedia":[{"embeddable":true,"href":"https:\/\/aizputesmebeles.lv\/index.php?rest_route=\/wp\/v2\/media\/3487"}],"wp:attachment":[{"href":"https:\/\/aizputesmebeles.lv\/index.php?rest_route=%2Fwp%2Fv2%2Fmedia&parent=3478"}],"curies":[{"name":"wp","href":"https:\/\/api.w.org\/{rel}","templated":true}]}}