{"id":3473,"date":"2023-05-17T16:03:30","date_gmt":"2023-05-17T13:03:30","guid":{"rendered":"https:\/\/aizputesmebeles.lv\/?post_type=product&#038;p=3473"},"modified":"2026-01-06T14:08:46","modified_gmt":"2026-01-06T12:08:46","slug":"kumode-k","status":"publish","type":"product","link":"https:\/\/aizputesmebeles.lv\/?product=kumode-k","title":{"rendered":"Kumode K"},"content":{"rendered":"<p>Melnalk\u0161\u0146a mas\u012bvkoka kumode ar tr\u012bs atvilktn\u0113m un plauktu.<br \/>\nKumodes virsma ir papla\u0161in\u0101t un labi der\u0113s lai novietotu k\u0101du priek\u0161metu (v\u0101zi, pu\u0137upodu, tv, utt.)<br \/>\nKumode izgatavota no Melnalk\u0161\u0146a mas\u012bvkoka un lakota dab\u012bg\u0101 ton\u012b.<\/p>\n<p>Augstums 75 cm<br \/>\nDzi\u013cums 38,5 cm<br \/>\nPlatums 64 cm<\/p>\n","protected":false},"excerpt":{"rendered":"<p><strong>Izm\u0113rs:<\/strong><br \/>\nPlatums 60cm<br \/>\nAugstums 75cm<br \/>\nDzi\u013cums 40cm<br \/>\nMelnalksnis<\/p>\n","protected":false},"featured_media":3477,"comment_status":"open","ping_status":"closed","template":"","meta":[],"_links":{"self":[{"href":"https:\/\/aizputesmebeles.lv\/index.php?rest_route=\/wp\/v2\/product\/3473"}],"collection":[{"href":"https:\/\/aizputesmebeles.lv\/index.php?rest_route=\/wp\/v2\/product"}],"about":[{"href":"https:\/\/aizputesmebeles.lv\/index.php?rest_route=\/wp\/v2\/types\/product"}],"replies":[{"embeddable":true,"href":"https:\/\/aizputesmebeles.lv\/index.php?rest_route=%2Fwp%2Fv2%2Fcomments&post=3473"}],"wp:featuredmedia":[{"embeddable":true,"href":"https:\/\/aizputesmebeles.lv\/index.php?rest_route=\/wp\/v2\/media\/3477"}],"wp:attachment":[{"href":"https:\/\/aizputesmebeles.lv\/index.php?rest_route=%2Fwp%2Fv2%2Fmedia&parent=3473"}],"curies":[{"name":"wp","href":"https:\/\/api.w.org\/{rel}","templated":true}]}}