{"id":3417,"date":"2022-07-05T19:52:44","date_gmt":"2022-07-05T16:52:44","guid":{"rendered":"https:\/\/aizputesmebeles.lv\/?post_type=product&#038;p=3417"},"modified":"2026-01-06T16:54:40","modified_gmt":"2026-01-06T14:54:40","slug":"2-durvju-antresols","status":"publish","type":"product","link":"https:\/\/aizputesmebeles.lv\/?product=2-durvju-antresols","title":{"rendered":"2 durvju antresols"},"content":{"rendered":"<p>Mas\u012bvkoka antresols ir izgatavots no melnalk\u0161\u0146a mas\u012bvkoka! Antresols s\u0113rijveid\u0101 ir pieejams ar divu veidu rokturiem ( rokturi ETA .. gareni izgatavoti no koka vai klasik apa\u013ci, kas izgatavoti no koka).<br \/>\nJa ir v\u0113lme iestr\u0101d\u0101t sav\u0101d\u0101kus rokturus ( sazinieties ar p\u0101rdev\u0113ju ). \u0160os antresolus var kombin\u0113t ar citas komplekt\u0101cijas antresoliem liekot tos rind\u0101 un savstarp\u0113ji sastiprinot t\u0101 veidojot 3, 4, 5 durvju antresolus utt.<br \/>\nAntresols s\u0113rijveid\u0101 tiek lakots un ir dab\u012bg\u0101 ton\u012b! Ir pieejami ar\u012b citi to\u0146i ( riekst, mahagons, pienaini balts ) bet tie ir par papildus samaksu (sazinieties ar p\u0101rdev\u0113ju).<\/p>\n<p>Platums &#8211; 80 cm<br \/>\nDzi\u013cums &#8211; 60 cm<br \/>\nAugstums &#8211; 45 cm<\/p>\n","protected":false},"excerpt":{"rendered":"<p>Mas\u012bvkoka antresols ir izgatavots no melnalk\u0161\u0146a mas\u012bvkoka! Antresols s\u0113rijveid\u0101 ir pieejams ar divu veidu rokturiem ( rokturi ETA .. gareni izgatavoti no koka vai klasik apa\u013ci, kas izgatavoti no koka). Ja ir v\u0113lme iestr\u0101d\u0101t sav\u0101d\u0101kus rokturus ( sazinieties ar p\u0101rdev\u0113ju ). \u0160os antresolus var kombin\u0113t ar citas komplekt\u0101cijas antresoliem liekot tos rind\u0101 un savstarp\u0113ji sastiprinot [&hellip;]<\/p>\n","protected":false},"featured_media":3418,"comment_status":"open","ping_status":"closed","template":"","meta":[],"_links":{"self":[{"href":"https:\/\/aizputesmebeles.lv\/index.php?rest_route=\/wp\/v2\/product\/3417"}],"collection":[{"href":"https:\/\/aizputesmebeles.lv\/index.php?rest_route=\/wp\/v2\/product"}],"about":[{"href":"https:\/\/aizputesmebeles.lv\/index.php?rest_route=\/wp\/v2\/types\/product"}],"replies":[{"embeddable":true,"href":"https:\/\/aizputesmebeles.lv\/index.php?rest_route=%2Fwp%2Fv2%2Fcomments&post=3417"}],"wp:featuredmedia":[{"embeddable":true,"href":"https:\/\/aizputesmebeles.lv\/index.php?rest_route=\/wp\/v2\/media\/3418"}],"wp:attachment":[{"href":"https:\/\/aizputesmebeles.lv\/index.php?rest_route=%2Fwp%2Fv2%2Fmedia&parent=3417"}],"curies":[{"name":"wp","href":"https:\/\/api.w.org\/{rel}","templated":true}]}}