{"id":3411,"date":"2022-07-05T19:30:35","date_gmt":"2022-07-05T16:30:35","guid":{"rendered":"https:\/\/aizputesmebeles.lv\/?post_type=product&#038;p=3411"},"modified":"2026-01-06T17:04:29","modified_gmt":"2026-01-06T15:04:29","slug":"3-durvju-skapis-ar-stangu-un-plauktiem","status":"publish","type":"product","link":"https:\/\/aizputesmebeles.lv\/?product=3-durvju-skapis-ar-stangu-un-plauktiem","title":{"rendered":"3 durvju skapis"},"content":{"rendered":"<p>3 durvju skapis ar stangu un plauktiem<\/p>\n<p>Mas\u012bvkoka skapis ir izgatavots no melnalk\u0161\u0146a mas\u012bvkoka! Skapim ir iesp\u0113jamas da\u017e\u0101das komplekt\u0101cijas var b\u016bt ar plauktiem, stangu vai ar atvilktn\u0113m ( no komplekt\u0101cijas main\u0101s cena! ) T\u0101pat skapis s\u0113rijveid\u0101 ir pieejams ar divu veidu rokturiem ( rokturi ETA .. gareni izgatavoti no koka vai klasik apa\u013ci, kas izgatavoti no koka).<br \/>\nJa ir v\u0113lme iestr\u0101d\u0101t sav\u0101d\u0101kus rokturus ( sazinieties ar p\u0101rdev\u0113ju ) Pas\u016btot skapi nor\u0101diet rokturu atra\u0161an\u0101s vietu vai pa kreisi vai pa labi! \u0160os skapjus var kombin\u0113t ar citas komplekt\u0101cijas skapjiem liekot tos rind\u0101 un savstarp\u0113ji sastiprinot t\u0101 veidojot 3, 4, 5 durvju skapjus utt\u2026. Skapjiem ir pieejami antresoli!<br \/>\nSkapis s\u0113rijveid\u0101 tiek lakots un ir dab\u012bg\u0101 ton\u012b! Ir pieejami ar\u012b citi to\u0146i ( riekst, mahagons, pienaini balts ) bet tie ir par papildus samaksu (sazinieties ar p\u0101rdev\u0113ju).<\/p>\n<p>Platums -120 cm<br \/>\nDzi\u013cums &#8211; 60 cm<br \/>\nAugstums &#8211; 195 cm<\/p>\n","protected":false},"excerpt":{"rendered":"<p>3 durvju skapis ar stangu un plauktiem Mas\u012bvkoka skapis ir izgatavots no melnalk\u0161\u0146a mas\u012bvkoka! Skapim ir iesp\u0113jamas da\u017e\u0101das komplekt\u0101cijas var b\u016bt ar plauktiem, stangu vai ar atvilktn\u0113m ( no komplekt\u0101cijas main\u0101s cena! ) T\u0101pat skapis s\u0113rijveid\u0101 ir pieejams ar divu veidu rokturiem ( rokturi ETA .. gareni izgatavoti no koka vai klasik apa\u013ci, kas izgatavoti [&hellip;]<\/p>\n","protected":false},"featured_media":3412,"comment_status":"open","ping_status":"closed","template":"","meta":[],"_links":{"self":[{"href":"https:\/\/aizputesmebeles.lv\/index.php?rest_route=\/wp\/v2\/product\/3411"}],"collection":[{"href":"https:\/\/aizputesmebeles.lv\/index.php?rest_route=\/wp\/v2\/product"}],"about":[{"href":"https:\/\/aizputesmebeles.lv\/index.php?rest_route=\/wp\/v2\/types\/product"}],"replies":[{"embeddable":true,"href":"https:\/\/aizputesmebeles.lv\/index.php?rest_route=%2Fwp%2Fv2%2Fcomments&post=3411"}],"wp:featuredmedia":[{"embeddable":true,"href":"https:\/\/aizputesmebeles.lv\/index.php?rest_route=\/wp\/v2\/media\/3412"}],"wp:attachment":[{"href":"https:\/\/aizputesmebeles.lv\/index.php?rest_route=%2Fwp%2Fv2%2Fmedia&parent=3411"}],"curies":[{"name":"wp","href":"https:\/\/api.w.org\/{rel}","templated":true}]}}