{"id":3298,"date":"2022-03-22T17:25:26","date_gmt":"2022-03-22T15:25:26","guid":{"rendered":"https:\/\/aizputesmebeles.lv\/?post_type=product&#038;p=3298"},"modified":"2026-03-02T16:41:45","modified_gmt":"2026-03-02T14:41:45","slug":"prieksnama-skapis","status":"publish","type":"product","link":"https:\/\/aizputesmebeles.lv\/?product=prieksnama-skapis","title":{"rendered":"Priek\u0161nama skapis"},"content":{"rendered":"<p>Priek\u0161nama skapis ir izgatavota no melnalk\u0161\u0146a mas\u012bvkoka un s\u0113rijveid\u0101 tiek lakota dab\u012bga ton\u012b. Apavu kasti ir iesp\u0113jams noton\u0113t ar\u012b rieksta, mahagona, pienaini balt\u0101 kr\u0101s\u0101 (\u0160\u012bs kr\u0101sas ir iesp\u0113jamas par papildus maksu. Konsult\u0113jaties ar p\u0101rdev\u0113ju.).<br \/>\n\u0160o skapi ir iesp\u0113jams izgatavot da\u017e\u0101dos dzi\u013cumos l\u012bdz 60 cm. Skapim ir ar viens aug\u0161\u0113jais plaukts un pakaramais. Skapim ir iesp\u0113jams iestr\u0101d\u0101t papildus plauktus ( main\u012bsies skapja cena .. konsult\u0113jaties ar p\u0101rdev\u0113ju).<br \/>\nSkapja cen\u0101 nav iek\u013cauti bild\u0113s redzamie aksesu\u0101ri vai citas m\u0113beles!<\/p>\n<p>Augstums 195 cm<br \/>\nPlatums 80 cm<br \/>\nDzi\u013cums 30- 60 cm<\/p>\n","protected":false},"excerpt":{"rendered":"<p>Priek\u0161nama skapis ir izgatavota no melnalk\u0161\u0146a mas\u012bvkoka un s\u0113rijveid\u0101 tiek lakota dab\u012bga ton\u012b. Apavu kasti ir iesp\u0113jams noton\u0113t ar\u012b rieksta, mahagona, pienaini balt\u0101 kr\u0101s\u0101 (\u0160\u012bs kr\u0101sas ir iesp\u0113jamas par papildus maksu. Konsult\u0113jaties ar p\u0101rdev\u0113ju.). \u0160o skapi ir iesp\u0113jams izgatavot da\u017e\u0101dos dzi\u013cumos l\u012bdz 60 cm. Skapim ir ar viens aug\u0161\u0113jais plaukts un pakaramais. Skapim ir iesp\u0113jams [&hellip;]<\/p>\n","protected":false},"featured_media":3300,"comment_status":"open","ping_status":"closed","template":"","meta":[],"_links":{"self":[{"href":"https:\/\/aizputesmebeles.lv\/index.php?rest_route=\/wp\/v2\/product\/3298"}],"collection":[{"href":"https:\/\/aizputesmebeles.lv\/index.php?rest_route=\/wp\/v2\/product"}],"about":[{"href":"https:\/\/aizputesmebeles.lv\/index.php?rest_route=\/wp\/v2\/types\/product"}],"replies":[{"embeddable":true,"href":"https:\/\/aizputesmebeles.lv\/index.php?rest_route=%2Fwp%2Fv2%2Fcomments&post=3298"}],"wp:featuredmedia":[{"embeddable":true,"href":"https:\/\/aizputesmebeles.lv\/index.php?rest_route=\/wp\/v2\/media\/3300"}],"wp:attachment":[{"href":"https:\/\/aizputesmebeles.lv\/index.php?rest_route=%2Fwp%2Fv2%2Fmedia&parent=3298"}],"curies":[{"name":"wp","href":"https:\/\/api.w.org\/{rel}","templated":true}]}}