{"id":3286,"date":"2022-03-22T16:54:36","date_gmt":"2022-03-22T14:54:36","guid":{"rendered":"https:\/\/aizputesmebeles.lv\/?post_type=product&#038;p=3286"},"modified":"2026-01-06T13:53:20","modified_gmt":"2026-01-06T11:53:20","slug":"apavu-kaste","status":"publish","type":"product","link":"https:\/\/aizputesmebeles.lv\/?product=apavu-kaste","title":{"rendered":"Apavu kaste"},"content":{"rendered":"<p>Apavu kaste ir izgatavota no melnalk\u0161\u0146a mas\u012bvkoka un s\u0113rijveid\u0101 tiek lakota dab\u012bga ton\u012b. Apavu kasti ir iesp\u0113jams noton\u0113t ar\u012b rieksta, mahagona, pienaini balt\u0101 kr\u0101s\u0101 (\u0160\u012bs kr\u0101sas ir iesp\u0113jamas par papildus maksu. Konsult\u0113jaties ar p\u0101rdev\u0113ju).<br \/>\nApavu kaste ir funkcion\u0101la un ietilp\u012bga kuru var izmantot gan k\u0101 apavu uzglab\u0101\u0161anai gan k\u0101 s\u0113\u017eamo priek\u0161nam\u0101. \u0160o izstr\u0101d\u0101jumu var izmantot atsevi\u0161\u0137i vai komplekt\u0113t kop\u0101 ar priek\u0161nama iek\u0101rtu vai citam priek\u0161nama m\u0113bel\u0113m.<br \/>\nBild\u0113s redzam\u0101s citas m\u0113beles nav iek\u013cautas apavu kastes cen\u0101!<\/p>\n<p>Platums 77 cm<br \/>\nAugstums 48 cm<br \/>\nDzi\u013cums 37 cm<\/p>\n","protected":false},"excerpt":{"rendered":"<p>Apavu kaste ir izgatavota no melnalk\u0161\u0146a mas\u012bvkoka un s\u0113rijveid\u0101 tiek lakota dab\u012bga ton\u012b. Apavu kasti ir iesp\u0113jams noton\u0113t ar\u012b rieksta, mahagona, pienaini balt\u0101 kr\u0101s\u0101 (\u0160\u012bs kr\u0101sas ir iesp\u0113jamas par papildus maksu. Konsult\u0113jaties ar p\u0101rdev\u0113ju). Apavu kaste ir funkcion\u0101la un ietilp\u012bga kuru var izmantot gan k\u0101 apavu uzglab\u0101\u0161anai gan k\u0101 s\u0113\u017eamo priek\u0161nam\u0101. \u0160o izstr\u0101d\u0101jumu var izmantot [&hellip;]<\/p>\n","protected":false},"featured_media":3290,"comment_status":"open","ping_status":"closed","template":"","meta":[],"_links":{"self":[{"href":"https:\/\/aizputesmebeles.lv\/index.php?rest_route=\/wp\/v2\/product\/3286"}],"collection":[{"href":"https:\/\/aizputesmebeles.lv\/index.php?rest_route=\/wp\/v2\/product"}],"about":[{"href":"https:\/\/aizputesmebeles.lv\/index.php?rest_route=\/wp\/v2\/types\/product"}],"replies":[{"embeddable":true,"href":"https:\/\/aizputesmebeles.lv\/index.php?rest_route=%2Fwp%2Fv2%2Fcomments&post=3286"}],"wp:featuredmedia":[{"embeddable":true,"href":"https:\/\/aizputesmebeles.lv\/index.php?rest_route=\/wp\/v2\/media\/3290"}],"wp:attachment":[{"href":"https:\/\/aizputesmebeles.lv\/index.php?rest_route=%2Fwp%2Fv2%2Fmedia&parent=3286"}],"curies":[{"name":"wp","href":"https:\/\/api.w.org\/{rel}","templated":true}]}}