{"id":2794,"date":"2022-02-09T12:43:40","date_gmt":"2022-02-09T10:43:40","guid":{"rendered":"https:\/\/aizputesmebeles.lv\/?post_type=product&#038;p=2794"},"modified":"2026-01-06T17:30:19","modified_gmt":"2026-01-06T15:30:19","slug":"atbalsta-kaja-standarta","status":"publish","type":"product","link":"https:\/\/aizputesmebeles.lv\/?product=atbalsta-kaja-standarta","title":{"rendered":"Atbalsta k\u0101ja standarta"},"content":{"rendered":"<p>Atbalsta k\u0101ja standarta<\/p>\n<p>Atbalsta k\u0101ja vidus l\u012bstei vai matra\u010da r\u0101mim.<br \/>\nAugstums 245-325 mm<\/p>\n","protected":false},"excerpt":{"rendered":"<p>Atbalsta k\u0101ja standarta Atbalsta k\u0101ja vidus l\u012bstei vai matra\u010da r\u0101mim. Augstums 245-325 mm<\/p>\n","protected":false},"featured_media":2795,"comment_status":"open","ping_status":"closed","template":"","meta":[],"_links":{"self":[{"href":"https:\/\/aizputesmebeles.lv\/index.php?rest_route=\/wp\/v2\/product\/2794"}],"collection":[{"href":"https:\/\/aizputesmebeles.lv\/index.php?rest_route=\/wp\/v2\/product"}],"about":[{"href":"https:\/\/aizputesmebeles.lv\/index.php?rest_route=\/wp\/v2\/types\/product"}],"replies":[{"embeddable":true,"href":"https:\/\/aizputesmebeles.lv\/index.php?rest_route=%2Fwp%2Fv2%2Fcomments&post=2794"}],"wp:featuredmedia":[{"embeddable":true,"href":"https:\/\/aizputesmebeles.lv\/index.php?rest_route=\/wp\/v2\/media\/2795"}],"wp:attachment":[{"href":"https:\/\/aizputesmebeles.lv\/index.php?rest_route=%2Fwp%2Fv2%2Fmedia&parent=2794"}],"curies":[{"name":"wp","href":"https:\/\/api.w.org\/{rel}","templated":true}]}}