{"id":2790,"date":"2022-02-09T12:39:27","date_gmt":"2022-02-09T10:39:27","guid":{"rendered":"https:\/\/aizputesmebeles.lv\/?post_type=product&#038;p=2790"},"modified":"2026-01-06T17:29:31","modified_gmt":"2026-01-06T15:29:31","slug":"atbalsta-kaja-koka","status":"publish","type":"product","link":"https:\/\/aizputesmebeles.lv\/?product=atbalsta-kaja-koka","title":{"rendered":"Atbalsta k\u0101ja koka"},"content":{"rendered":"<p>Atbalsta k\u0101ja koka<\/p>\n<p>Koka atbalsta k\u0101ja vidus l\u012bstei vai matra\u010da r\u0101mim.<br \/>\nAugstums 285-300 mm<\/p>\n","protected":false},"excerpt":{"rendered":"<p>Atbalsta k\u0101ja koka Koka atbalsta k\u0101ja vidus l\u012bstei vai matra\u010da r\u0101mim. Augstums 285-300 mm<\/p>\n","protected":false},"featured_media":2791,"comment_status":"open","ping_status":"closed","template":"","meta":[],"_links":{"self":[{"href":"https:\/\/aizputesmebeles.lv\/index.php?rest_route=\/wp\/v2\/product\/2790"}],"collection":[{"href":"https:\/\/aizputesmebeles.lv\/index.php?rest_route=\/wp\/v2\/product"}],"about":[{"href":"https:\/\/aizputesmebeles.lv\/index.php?rest_route=\/wp\/v2\/types\/product"}],"replies":[{"embeddable":true,"href":"https:\/\/aizputesmebeles.lv\/index.php?rest_route=%2Fwp%2Fv2%2Fcomments&post=2790"}],"wp:featuredmedia":[{"embeddable":true,"href":"https:\/\/aizputesmebeles.lv\/index.php?rest_route=\/wp\/v2\/media\/2791"}],"wp:attachment":[{"href":"https:\/\/aizputesmebeles.lv\/index.php?rest_route=%2Fwp%2Fv2%2Fmedia&parent=2790"}],"curies":[{"name":"wp","href":"https:\/\/api.w.org\/{rel}","templated":true}]}}