{"id":2786,"date":"2022-02-09T12:28:14","date_gmt":"2022-02-09T10:28:14","guid":{"rendered":"https:\/\/aizputesmebeles.lv\/?post_type=product&#038;p=2786"},"modified":"2026-01-06T17:28:49","modified_gmt":"2026-01-06T15:28:49","slug":"standarta-vidus-liste-gultai","status":"publish","type":"product","link":"https:\/\/aizputesmebeles.lv\/?product=standarta-vidus-liste-gultai","title":{"rendered":"Standarta Vidus l\u012bste gultai"},"content":{"rendered":"<p>Standarta Vidus l\u012bste gultai<\/p>\n<p>Vidus l\u012bste ar regul\u0113jamu k\u0101ju un stiprin\u0101jumiem pie l\u012bstes un gultas!<br \/>\nVidus l\u012bsti ar atbalsta plastmasas k\u0101ju parasti izmanto k\u0101 piekto atbalsta punktu gultas matra\u010da l\u012bst\u0113m. Liel\u0101ka izm\u0113ra gult\u0101m 180&#215;200, 200&#215;200 utt. \u0160o l\u012bsti var likt ne tikai vienu kas ietilpst gultas komplekt\u0101, bet v\u0113l vienu papildus l\u012bsti!<br \/>\nT\u0101pat ir iesp\u0113jams atbalsta k\u0101jas l\u012bstei likt divas sadalot svaru uz vair\u0101kiem atbalsta punktiem!<br \/>\nGarums ar stiprin\u0101jumiem 2016 mm<br \/>\nRegul\u0113\u0161anas diapazons 80 mm<\/p>\n","protected":false},"excerpt":{"rendered":"<p>Standarta Vidus l\u012bste gultai Vidus l\u012bste ar regul\u0113jamu k\u0101ju un stiprin\u0101jumiem pie l\u012bstes un gultas! Vidus l\u012bsti ar atbalsta plastmasas k\u0101ju parasti izmanto k\u0101 piekto atbalsta punktu gultas matra\u010da l\u012bst\u0113m. Liel\u0101ka izm\u0113ra gult\u0101m 180&#215;200, 200&#215;200 utt. \u0160o l\u012bsti var likt ne tikai vienu kas ietilpst gultas komplekt\u0101, bet v\u0113l vienu papildus l\u012bsti! T\u0101pat ir iesp\u0113jams [&hellip;]<\/p>\n","protected":false},"featured_media":2787,"comment_status":"open","ping_status":"closed","template":"","meta":[],"_links":{"self":[{"href":"https:\/\/aizputesmebeles.lv\/index.php?rest_route=\/wp\/v2\/product\/2786"}],"collection":[{"href":"https:\/\/aizputesmebeles.lv\/index.php?rest_route=\/wp\/v2\/product"}],"about":[{"href":"https:\/\/aizputesmebeles.lv\/index.php?rest_route=\/wp\/v2\/types\/product"}],"replies":[{"embeddable":true,"href":"https:\/\/aizputesmebeles.lv\/index.php?rest_route=%2Fwp%2Fv2%2Fcomments&post=2786"}],"wp:featuredmedia":[{"embeddable":true,"href":"https:\/\/aizputesmebeles.lv\/index.php?rest_route=\/wp\/v2\/media\/2787"}],"wp:attachment":[{"href":"https:\/\/aizputesmebeles.lv\/index.php?rest_route=%2Fwp%2Fv2%2Fmedia&parent=2786"}],"curies":[{"name":"wp","href":"https:\/\/api.w.org\/{rel}","templated":true}]}}