{"id":2762,"date":"2022-02-08T12:32:49","date_gmt":"2022-02-08T10:32:49","guid":{"rendered":"https:\/\/aizputesmebeles.lv\/?post_type=product&#038;p=2762"},"modified":"2026-01-06T17:27:35","modified_gmt":"2026-01-06T15:27:35","slug":"velas-kaste-zem-gultas","status":"publish","type":"product","link":"https:\/\/aizputesmebeles.lv\/?product=velas-kaste-zem-gultas","title":{"rendered":"Ve\u013cas kaste zem gultas"},"content":{"rendered":"<p>Ve\u013cas kaste ir izvelkama uz rite\u0146iem! Ve\u013cas kaste ir izgatavota no sapl\u0101k\u0161\u0146a un fas\u0101de no mas\u012bvkoka. Lai no k\u0101jga\u013ca neb\u016btu redzama ve\u013cas kastes sapl\u0101k\u0161\u0146a korpuss ir iesp\u0113jams pas\u016bt\u012bt paneli gultas k\u0101jgal\u012b. Ve\u013cas kastes ir pieejamas tr\u012bs standarta izm\u0113ros 195, 160, 150 cm ar visu fas\u0101di!<\/p>\n","protected":false},"excerpt":{"rendered":"<p>60x195cm<\/p>\n","protected":false},"featured_media":2766,"comment_status":"open","ping_status":"closed","template":"","meta":[],"_links":{"self":[{"href":"https:\/\/aizputesmebeles.lv\/index.php?rest_route=\/wp\/v2\/product\/2762"}],"collection":[{"href":"https:\/\/aizputesmebeles.lv\/index.php?rest_route=\/wp\/v2\/product"}],"about":[{"href":"https:\/\/aizputesmebeles.lv\/index.php?rest_route=\/wp\/v2\/types\/product"}],"replies":[{"embeddable":true,"href":"https:\/\/aizputesmebeles.lv\/index.php?rest_route=%2Fwp%2Fv2%2Fcomments&post=2762"}],"wp:featuredmedia":[{"embeddable":true,"href":"https:\/\/aizputesmebeles.lv\/index.php?rest_route=\/wp\/v2\/media\/2766"}],"wp:attachment":[{"href":"https:\/\/aizputesmebeles.lv\/index.php?rest_route=%2Fwp%2Fv2%2Fmedia&parent=2762"}],"curies":[{"name":"wp","href":"https:\/\/api.w.org\/{rel}","templated":true}]}}