{"id":2698,"date":"2021-12-31T14:39:59","date_gmt":"2021-12-31T12:39:59","guid":{"rendered":"https:\/\/aizputesmebeles.lv\/?post_type=product&#038;p=2698"},"modified":"2026-01-06T13:20:10","modified_gmt":"2026-01-06T11:20:10","slug":"galds-ar-atvilktnem","status":"publish","type":"product","link":"https:\/\/aizputesmebeles.lv\/?product=galds-ar-atvilktnem","title":{"rendered":"Galds ar atvilktn\u0113m"},"content":{"rendered":"<p>Galds ar atvilktn\u0113m<\/p>\n<p>Platums &#8211; 100 cm<br \/>\nDzi\u013cums &#8211; 50 cm<br \/>\nAugstums &#8211; 75 cm<\/p>\n<p>Melnalk\u0161\u0146a mas\u012bvkoka galds ar atvilktn\u0113m. Galds ir \u013coti labi piem\u0113rots neliel\u0101m telp\u0101m jo ir kompakts un funkcion\u0101ls.<br \/>\nGalda virsma s\u0101nu un priek\u0161\u0113j\u0101 mala ir noapa\u013cotas bet aizmugures mala ir taisna, kantaina kas \u013cauj galdu piestumt pie sienas un neveidosies ne spraugas, ne gropes.<br \/>\nGaldu ir iesp\u0113jams papildin\u0101t ar spoguli un plauktiem. T\u0101d\u0101 gad\u012bjum\u0101 galds labi ieder\u0113sies gu\u013camistab\u0101 vai k\u0101d\u0101 cit\u0101 tam piem\u0113rot\u0101 viet\u0101.<br \/>\nGalds s\u0113rijveid\u0101 tiek lakots dab\u012bgaj\u0101 koka kr\u0101s\u0101. Ir iesp\u0113jams galdu ton\u0113t rieksta, mahagona, pienaini balt\u0101 kr\u0101s\u0101. \u0160\u012bs papildus kr\u0101sas ir iesp\u0113jamas par papildus samaksu (konsult\u0113ties ar p\u0101rdev\u0113ju).<br \/>\n<strong>Spogulis vai k\u0101di citi aksesu\u0101ri nav iek\u013cauti galda cen\u0101!<\/strong><\/p>\n","protected":false},"excerpt":{"rendered":"<p>Galds ar atvilktn\u0113m Platums &#8211; 100 cm Dzi\u013cums &#8211; 50 cm Augstums &#8211; 75 cm Melnalk\u0161\u0146a mas\u012bvkoka galds ar atvilktn\u0113m. Galds ir \u013coti labi piem\u0113rots neliel\u0101m telp\u0101m jo ir kompakts un funkcion\u0101ls. Galda virsma s\u0101nu un priek\u0161\u0113j\u0101 mala ir noapa\u013cotas bet aizmugures mala ir taisna, kantaina kas \u013cauj galdu piestumt pie sienas un neveidosies ne [&hellip;]<\/p>\n","protected":false},"featured_media":2699,"comment_status":"open","ping_status":"closed","template":"","meta":[],"_links":{"self":[{"href":"https:\/\/aizputesmebeles.lv\/index.php?rest_route=\/wp\/v2\/product\/2698"}],"collection":[{"href":"https:\/\/aizputesmebeles.lv\/index.php?rest_route=\/wp\/v2\/product"}],"about":[{"href":"https:\/\/aizputesmebeles.lv\/index.php?rest_route=\/wp\/v2\/types\/product"}],"replies":[{"embeddable":true,"href":"https:\/\/aizputesmebeles.lv\/index.php?rest_route=%2Fwp%2Fv2%2Fcomments&post=2698"}],"wp:featuredmedia":[{"embeddable":true,"href":"https:\/\/aizputesmebeles.lv\/index.php?rest_route=\/wp\/v2\/media\/2699"}],"wp:attachment":[{"href":"https:\/\/aizputesmebeles.lv\/index.php?rest_route=%2Fwp%2Fv2%2Fmedia&parent=2698"}],"curies":[{"name":"wp","href":"https:\/\/api.w.org\/{rel}","templated":true}]}}