{"id":2695,"date":"2021-12-31T12:11:03","date_gmt":"2021-12-31T10:11:03","guid":{"rendered":"https:\/\/aizputesmebeles.lv\/?post_type=product&#038;p=2695"},"modified":"2026-01-06T13:19:19","modified_gmt":"2026-01-06T11:19:19","slug":"galds-eta","status":"publish","type":"product","link":"https:\/\/aizputesmebeles.lv\/?product=galds-eta","title":{"rendered":"Galds ETA"},"content":{"rendered":"<p>Galds ETA &#8220;G120&#8221;<\/p>\n<p>Garums &#8211; 120 cm<br \/>\nPlatums &#8211; 60 cm<br \/>\nAugstums &#8211; 44 cm<\/p>\n<p>Mas\u012bvkoka galds ar praktisku konstrukciju un div l\u012bme\u0146u virsmu kas \u013cauj novietot vajadz\u012bg\u0101s lietas galda virspus\u0113 un da\u017e\u0101das maz\u0101ksvar\u012bg\u0101s lietas novietot apak\u0161\u0113j\u0101 l\u012bmen\u012b.<br \/>\nGalds ir apr\u012bkots ar riten\u012b\u0161iem, kas \u013cauj to viegli p\u0101rvietot pa istabu un transform\u0113t dz\u012bvojamo plat\u012bbu da\u017e\u0101d\u0101m ikdienas vajadz\u012bb\u0101m.<br \/>\nGalds tiek ra\u017eots s\u0113rijveid\u0101 un tiek lakots pamatton\u012b, kas atbilst dab\u012bgajai koka kr\u0101sai. Ir iesp\u0113jams galdu ton\u0113t rieksta, mahagona, pienaini balt\u0101 kr\u0101s\u0101 bet \u0161iem to\u0146iem tiek piem\u0113rota papildus samaksa (konsult\u0113jaties ar p\u0101rdev\u0113ju).<\/p>\n","protected":false},"excerpt":{"rendered":"<p>Galds ETA &#8220;G120&#8221; Garums &#8211; 120 cm Platums &#8211; 60 cm Augstums &#8211; 44 cm Mas\u012bvkoka galds ar praktisku konstrukciju un div l\u012bme\u0146u virsmu kas \u013cauj novietot vajadz\u012bg\u0101s lietas galda virspus\u0113 un da\u017e\u0101das maz\u0101ksvar\u012bg\u0101s lietas novietot apak\u0161\u0113j\u0101 l\u012bmen\u012b. Galds ir apr\u012bkots ar riten\u012b\u0161iem, kas \u013cauj to viegli p\u0101rvietot pa istabu un transform\u0113t dz\u012bvojamo plat\u012bbu da\u017e\u0101d\u0101m [&hellip;]<\/p>\n","protected":false},"featured_media":2696,"comment_status":"open","ping_status":"closed","template":"","meta":[],"_links":{"self":[{"href":"https:\/\/aizputesmebeles.lv\/index.php?rest_route=\/wp\/v2\/product\/2695"}],"collection":[{"href":"https:\/\/aizputesmebeles.lv\/index.php?rest_route=\/wp\/v2\/product"}],"about":[{"href":"https:\/\/aizputesmebeles.lv\/index.php?rest_route=\/wp\/v2\/types\/product"}],"replies":[{"embeddable":true,"href":"https:\/\/aizputesmebeles.lv\/index.php?rest_route=%2Fwp%2Fv2%2Fcomments&post=2695"}],"wp:featuredmedia":[{"embeddable":true,"href":"https:\/\/aizputesmebeles.lv\/index.php?rest_route=\/wp\/v2\/media\/2696"}],"wp:attachment":[{"href":"https:\/\/aizputesmebeles.lv\/index.php?rest_route=%2Fwp%2Fv2%2Fmedia&parent=2695"}],"curies":[{"name":"wp","href":"https:\/\/api.w.org\/{rel}","templated":true}]}}