{"id":2668,"date":"2021-12-17T11:21:24","date_gmt":"2021-12-17T09:21:24","guid":{"rendered":"https:\/\/aizputesmebeles.lv\/?post_type=product&#038;p=2668"},"modified":"2026-01-06T12:13:08","modified_gmt":"2026-01-06T10:13:08","slug":"divans-otello-ar-koka-roku-balstiem","status":"publish","type":"product","link":"https:\/\/aizputesmebeles.lv\/?product=divans-otello-ar-koka-roku-balstiem","title":{"rendered":"Otello ar koka roku balstiem"},"content":{"rendered":"<p>&#8220;Otello&#8221;ar koka roku balstiem<br \/>\nPraktisks, \u0113rts un funkcion\u0101ls d\u012bv\u0101ns. D\u012bv\u0101nam ir liela gu\u013cam\u0101 vieta ( 200x 160 cm ) un \u013coti labi der\u0113s ar\u012b ikdienas gul\u0113\u0161anai paredz\u0113ts d\u012bv\u0101ns.<br \/>\nD\u012bv\u0101nam ir atsperu matracis ar voilaka, vat\u012bna un putu poliurit\u0101na taps\u0113jumu.<br \/>\nD\u012bv\u0101nam ir iesp\u0113jams main\u012bt un vai pastiprin\u0101t matra\u010da pild\u012bjums. It sevi\u0161\u0137i tas b\u016bs noder\u012bgi ja d\u012bv\u0101ns tiks lietots k\u0101 viesistabas d\u012bv\u0101ns gan k\u0101 ikdienas gul\u0113\u0161anai paredz\u0113ts d\u012bv\u0101ns. \u0160\u0101d\u0101 gad\u012bjum\u0101 d\u012bv\u0101ns tiks lietots \u013coti intens\u012bvi un pastiprinot s\u0113rijveid\u0101 ra\u017eotos matra\u010dus tie noteikti kalpos daudz ilg\u0101k. D\u012bv\u0101nam ir iesp\u0113jami divi izlai\u0161anas varianti ( izvelk\u0101s uz rite\u0146iem vai izce\u013c\u0101s ar lifta meh\u0101nismu).<br \/>\nStandart\u0101 d\u012bv\u0101na roku balsti ir lakoti caursp\u012bd\u012bgi. Roku balstus ir iesp\u0113jams ton\u0113t rieksta, mahagona un pienaini balt\u0101 kr\u0101s\u0101.<br \/>\nD\u012bv\u0101nu pas\u016btot ir iesp\u0113jams main\u012bt audumu un nepiecie\u0161am\u012bbas gad\u012bjum\u0101 ar\u012b izm\u0113rus ( konsult\u0113jaties ar p\u0101rdev\u0113ju).<br \/>\nVisas izmai\u0146as ( roku balstu kr\u0101sa, auduma mai\u0146a, pastiprin\u0101\u0161ana, matra\u010da pild\u012bjuma mai\u0146a, lifta meh\u0101nisms) ir par papildus samaksu!<\/p>\n","protected":false},"excerpt":{"rendered":"<p>&#8220;Otello&#8221;ar koka roku balstiem Praktisks, \u0113rts un funkcion\u0101ls d\u012bv\u0101ns. D\u012bv\u0101nam ir liela gu\u013cam\u0101 vieta ( 200x 160 cm ) un \u013coti labi der\u0113s ar\u012b ikdienas gul\u0113\u0161anai paredz\u0113ts d\u012bv\u0101ns. D\u012bv\u0101nam ir atsperu matracis ar voilaka, vat\u012bna un putu poliurit\u0101na taps\u0113jumu. D\u012bv\u0101nam ir iesp\u0113jams main\u012bt un vai pastiprin\u0101t matra\u010da pild\u012bjums. It sevi\u0161\u0137i tas b\u016bs noder\u012bgi ja d\u012bv\u0101ns [&hellip;]<\/p>\n","protected":false},"featured_media":2674,"comment_status":"open","ping_status":"closed","template":"","meta":[],"_links":{"self":[{"href":"https:\/\/aizputesmebeles.lv\/index.php?rest_route=\/wp\/v2\/product\/2668"}],"collection":[{"href":"https:\/\/aizputesmebeles.lv\/index.php?rest_route=\/wp\/v2\/product"}],"about":[{"href":"https:\/\/aizputesmebeles.lv\/index.php?rest_route=\/wp\/v2\/types\/product"}],"replies":[{"embeddable":true,"href":"https:\/\/aizputesmebeles.lv\/index.php?rest_route=%2Fwp%2Fv2%2Fcomments&post=2668"}],"wp:featuredmedia":[{"embeddable":true,"href":"https:\/\/aizputesmebeles.lv\/index.php?rest_route=\/wp\/v2\/media\/2674"}],"wp:attachment":[{"href":"https:\/\/aizputesmebeles.lv\/index.php?rest_route=%2Fwp%2Fv2%2Fmedia&parent=2668"}],"curies":[{"name":"wp","href":"https:\/\/api.w.org\/{rel}","templated":true}]}}