{"id":2574,"date":"2021-10-24T17:40:37","date_gmt":"2021-10-24T14:40:37","guid":{"rendered":"http:\/\/aizputesmebeles.lv\/?post_type=product&#038;p=2574"},"modified":"2021-10-24T17:40:37","modified_gmt":"2021-10-24T14:40:37","slug":"matracis-ar-koka-kajam","status":"publish","type":"product","link":"https:\/\/aizputesmebeles.lv\/?product=matracis-ar-koka-kajam","title":{"rendered":"Matracis ar koka k\u0101j\u0101m"},"content":{"rendered":"<p>Matracis ar koka k\u0101j\u0101m<\/p>\n","protected":false},"excerpt":{"rendered":"<p>Matracis ar koka k\u0101j\u0101m<\/p>\n","protected":false},"featured_media":0,"comment_status":"open","ping_status":"closed","template":"","meta":[],"_links":{"self":[{"href":"https:\/\/aizputesmebeles.lv\/index.php?rest_route=\/wp\/v2\/product\/2574"}],"collection":[{"href":"https:\/\/aizputesmebeles.lv\/index.php?rest_route=\/wp\/v2\/product"}],"about":[{"href":"https:\/\/aizputesmebeles.lv\/index.php?rest_route=\/wp\/v2\/types\/product"}],"replies":[{"embeddable":true,"href":"https:\/\/aizputesmebeles.lv\/index.php?rest_route=%2Fwp%2Fv2%2Fcomments&post=2574"}],"wp:attachment":[{"href":"https:\/\/aizputesmebeles.lv\/index.php?rest_route=%2Fwp%2Fv2%2Fmedia&parent=2574"}],"curies":[{"name":"wp","href":"https:\/\/api.w.org\/{rel}","templated":true}]}}