{"id":2482,"date":"2021-07-31T21:05:16","date_gmt":"2021-07-31T18:05:16","guid":{"rendered":"http:\/\/aizputesmebeles.lv\/?post_type=product&#038;p=2482"},"modified":"2026-01-06T17:26:58","modified_gmt":"2026-01-06T15:26:58","slug":"divstavu-gulta-mobi","status":"publish","type":"product","link":"https:\/\/aizputesmebeles.lv\/?product=divstavu-gulta-mobi","title":{"rendered":"Divst\u0101vu gulta &#8220;Mobi&#8221;"},"content":{"rendered":"<p>Melnalk\u0161\u0146a mas\u012bvkoka divst\u0101v\u012bga gulta. Gultas k\u0101jas ir izgatavotas no 80&#215;80 mm bieza materi\u0101la un s\u0101nu d\u0113\u013ci izgatavoti no 25 mm bieza materi\u0101la, kas gultas konstrukciju padara \u013coti stabilu un iztur\u012bgu.<br \/>\nGulta ir paredz\u0113ta lietot k\u0101 divst\u0101v\u012bgu un k\u0101 divas atsevi\u0161\u0137as vienviet\u012bgas gultas. Gultu var izmantot gan k\u0101 b\u0113rnu gultu gan k\u0101 pieaugu\u0161o.<br \/>\nJa gultu izmanto k\u0101 b\u0113rnu gultu apak\u0161\u0113jam st\u0101vam var piekomplekt\u0113t papildu borti\u0146u b\u0113rnu dro\u0161\u012bbai. Gultai ir iesp\u0113jams piekomplekt\u0113t ar\u012b sapl\u0101k\u0161\u0146a ve\u013cas kasti ar koka fas\u0101di kura uz riten\u012b\u0161iem ir pastumjama zem gultas.<br \/>\nGultas karkasa cen\u0101 nav iek\u013cautas atbalsta l\u012bstes matracim, ve\u013cas kaste, papildu b\u0113rnu borti\u0146\u0161!<\/p>\n<p>Gultas \u0101r\u0113jie izm\u0113ri :<br \/>\nGarums 217 X Platums 110 cm<br \/>\nAugstums 169 cm<br \/>\nTrepes att\u0101lums no gultas 50 cm~~<br \/>\nTrepes platums 36 cm<\/p>\n","protected":false},"excerpt":{"rendered":"<p>Melnalk\u0161\u0146a mas\u012bvkoka divst\u0101v\u012bga gulta. Gultas k\u0101jas ir izgatavotas no 80&#215;80 mm bieza materi\u0101la un s\u0101nu d\u0113\u013ci izgatavoti no 25 mm bieza materi\u0101la, kas gultas konstrukciju padara \u013coti stabilu un iztur\u012bgu. Gulta ir paredz\u0113ta lietot k\u0101 divst\u0101v\u012bgu un k\u0101 divas atsevi\u0161\u0137as vienviet\u012bgas gultas. Gultu var izmantot gan k\u0101 b\u0113rnu gultu gan k\u0101 pieaugu\u0161o. Ja gultu izmanto [&hellip;]<\/p>\n","protected":false},"featured_media":2483,"comment_status":"open","ping_status":"closed","template":"","meta":[],"_links":{"self":[{"href":"https:\/\/aizputesmebeles.lv\/index.php?rest_route=\/wp\/v2\/product\/2482"}],"collection":[{"href":"https:\/\/aizputesmebeles.lv\/index.php?rest_route=\/wp\/v2\/product"}],"about":[{"href":"https:\/\/aizputesmebeles.lv\/index.php?rest_route=\/wp\/v2\/types\/product"}],"replies":[{"embeddable":true,"href":"https:\/\/aizputesmebeles.lv\/index.php?rest_route=%2Fwp%2Fv2%2Fcomments&post=2482"}],"wp:featuredmedia":[{"embeddable":true,"href":"https:\/\/aizputesmebeles.lv\/index.php?rest_route=\/wp\/v2\/media\/2483"}],"wp:attachment":[{"href":"https:\/\/aizputesmebeles.lv\/index.php?rest_route=%2Fwp%2Fv2%2Fmedia&parent=2482"}],"curies":[{"name":"wp","href":"https:\/\/api.w.org\/{rel}","templated":true}]}}