{"id":2103,"date":"2021-07-03T12:51:58","date_gmt":"2021-07-03T09:51:58","guid":{"rendered":"http:\/\/aizputesmebeles.lv\/?post_type=product&#038;p=2103"},"modified":"2024-10-21T22:46:09","modified_gmt":"2024-10-21T19:46:09","slug":"leona","status":"publish","type":"product","link":"https:\/\/aizputesmebeles.lv\/?product=leona","title":{"rendered":"LEONA"},"content":{"rendered":"<p><span dir=\"ltr\">Pat\u012bkams matracis kur\u0101 savienoti da\u017e\u0101di poliuret\u0101ni. <\/span><span dir=\"ltr\">Aug\u0161\u0113jais putu VISCOR sl\u0101nis \u013cauj Jums l\u0113n\u0101m un <\/span><span dir=\"ltr\">pat\u012bkami ienirt matraci, j\u016bsu \u0137ermenis j\u016btas atvieglots. 5 <\/span><span dir=\"ltr\">anotomisk\u0101s zonas vienm\u0113r nodro\u0161in\u0101s pareizu mugurkaula st\u0101vokli <\/span><span dir=\"ltr\">miega laik\u0101. Ar\u012b \u0101r\u0113j\u0101 pus\u0113 ir mas\u0101\u017eu un horizont\u0101lo ventil\u0101cijas <\/span><span dir=\"ltr\">veicino\u0161as profils. Matra\u010da dizains \u013cauj labi izgarot mitrumam. <\/span><span dir=\"ltr\">Matracis ir vid\u0113ji ciets. P\u0101rvalks no auduma Lurex, var mazg\u0101t l\u012bdz <\/span><span dir=\"ltr\">60 C. Matra\u010da augstums 18 cm. Gul\u0113t\u0101ja svars l\u012bdz 130 kg.<\/span><\/p>\n","protected":false},"excerpt":{"rendered":"<p>Pat\u012bkams matracis kur\u0101 savienoti da\u017e\u0101di poliuret\u0101ni. Aug\u0161\u0113jais putu VISCOR sl\u0101nis \u013cauj Jums l\u0113n\u0101m un pat\u012bkami ienirt matraci, j\u016bsu \u0137ermenis j\u016btas atvieglots. 5 anotomisk\u0101s zonas vienm\u0113r nodro\u0161in\u0101s pareizu mugurkaula st\u0101vokli miega laik\u0101. Ar\u012b \u0101r\u0113j\u0101 pus\u0113 ir mas\u0101\u017eu un horizont\u0101lo ventil\u0101cijas veicino\u0161as profils. Matra\u010da dizains \u013cauj labi izgarot mitrumam. Matracis ir vid\u0113ji ciets. P\u0101rvalks no auduma Lurex, [&hellip;]<\/p>\n","protected":false},"featured_media":2110,"comment_status":"open","ping_status":"closed","template":"","meta":[],"_links":{"self":[{"href":"https:\/\/aizputesmebeles.lv\/index.php?rest_route=\/wp\/v2\/product\/2103"}],"collection":[{"href":"https:\/\/aizputesmebeles.lv\/index.php?rest_route=\/wp\/v2\/product"}],"about":[{"href":"https:\/\/aizputesmebeles.lv\/index.php?rest_route=\/wp\/v2\/types\/product"}],"replies":[{"embeddable":true,"href":"https:\/\/aizputesmebeles.lv\/index.php?rest_route=%2Fwp%2Fv2%2Fcomments&post=2103"}],"wp:featuredmedia":[{"embeddable":true,"href":"https:\/\/aizputesmebeles.lv\/index.php?rest_route=\/wp\/v2\/media\/2110"}],"wp:attachment":[{"href":"https:\/\/aizputesmebeles.lv\/index.php?rest_route=%2Fwp%2Fv2%2Fmedia&parent=2103"}],"curies":[{"name":"wp","href":"https:\/\/api.w.org\/{rel}","templated":true}]}}