{"id":2073,"date":"2021-07-03T11:59:38","date_gmt":"2021-07-03T08:59:38","guid":{"rendered":"http:\/\/aizputesmebeles.lv\/?post_type=product&#038;p=2073"},"modified":"2022-04-25T14:15:18","modified_gmt":"2022-04-25T11:15:18","slug":"bella-lux","status":"publish","type":"product","link":"https:\/\/aizputesmebeles.lv\/?product=bella-lux","title":{"rendered":"BELLA LUX"},"content":{"rendered":"<p>Unik\u0101ls sendvi\u010da tipa matracis BELLA LUX, \u013caus atp\u016bsties j\u016bsu \u0137ermenim, un no r\u012bta jums negrib\u0113sies pamest gultu.<br \/>\nIzmantot\u0101s VISCOR (slink\u0101s putas) veicina vienm\u0113r\u012bgu svara sadali, un j\u016bs burtiski &#8220;iegrimstiet&#8221; matrac\u012b. Matracim ir pastiprin\u0101tas s\u0101nu malas. T\u0101s ir iztur\u012bg\u0101kas s\u0113d\u0113\u0161anai.<br \/>\nAntibakteri\u0101lais p\u0101rvalks ALOE VERA ar r\u0101v\u0113jsl\u0113dz\u0113ju sadal\u0101s div\u0101s da\u013c\u0101s &#8211; aug\u0161a un apak\u0161a.<br \/>\nTas atvieglo p\u0101rvalka t\u012br\u012b\u0161anu, no\u0146em\u0161anu un uzlik\u0161anu.<br \/>\nMatracis veicina izgul\u0113jumu nera\u0161anos pie gultas saist\u012btiem cilv\u0113kiem.<\/p>\n<p>Viskoelast\u012bg\u0101s putas, pastiprin\u0101tas malas.<br \/>\nPUR putas<br \/>\nHR putas<br \/>\nAugstums ar p\u0101rvalku 14 cm.<br \/>\nMAX svars 130 kg.<br \/>\nCiet\u012bba 2<br \/>\nP\u0101rvalks, antibakteri\u0101ls ALOE VERA<br \/>\nGarantija 5 gadi.<br \/>\nRa\u017eots \u010cehij\u0101.<\/p>\n","protected":false},"excerpt":{"rendered":"<p>Unik\u0101ls sendvi\u010da tipa matracis BELLA LUX, \u013caus atp\u016bsties j\u016bsu \u0137ermenim, un no r\u012bta jums negrib\u0113sies pamest gultu. Izmantot\u0101s VISCOR (slink\u0101s putas) veicina vienm\u0113r\u012bgu svara sadali, un j\u016bs burtiski &#8220;iegrimstiet&#8221; matrac\u012b. Matracim ir pastiprin\u0101tas s\u0101nu malas. T\u0101s ir iztur\u012bg\u0101kas s\u0113d\u0113\u0161anai. Antibakteri\u0101lais p\u0101rvalks ALOE VERA ar r\u0101v\u0113jsl\u0113dz\u0113ju sadal\u0101s div\u0101s da\u013c\u0101s &#8211; aug\u0161a un apak\u0161a. Tas atvieglo p\u0101rvalka [&hellip;]<\/p>\n","protected":false},"featured_media":2618,"comment_status":"open","ping_status":"closed","template":"","meta":[],"_links":{"self":[{"href":"https:\/\/aizputesmebeles.lv\/index.php?rest_route=\/wp\/v2\/product\/2073"}],"collection":[{"href":"https:\/\/aizputesmebeles.lv\/index.php?rest_route=\/wp\/v2\/product"}],"about":[{"href":"https:\/\/aizputesmebeles.lv\/index.php?rest_route=\/wp\/v2\/types\/product"}],"replies":[{"embeddable":true,"href":"https:\/\/aizputesmebeles.lv\/index.php?rest_route=%2Fwp%2Fv2%2Fcomments&post=2073"}],"wp:featuredmedia":[{"embeddable":true,"href":"https:\/\/aizputesmebeles.lv\/index.php?rest_route=\/wp\/v2\/media\/2618"}],"wp:attachment":[{"href":"https:\/\/aizputesmebeles.lv\/index.php?rest_route=%2Fwp%2Fv2%2Fmedia&parent=2073"}],"curies":[{"name":"wp","href":"https:\/\/api.w.org\/{rel}","templated":true}]}}