{"id":2064,"date":"2021-07-03T11:46:53","date_gmt":"2021-07-03T08:46:53","guid":{"rendered":"http:\/\/aizputesmebeles.lv\/?post_type=product&#038;p=2064"},"modified":"2022-04-25T14:13:23","modified_gmt":"2022-04-25T11:13:23","slug":"bella-plus","status":"publish","type":"product","link":"https:\/\/aizputesmebeles.lv\/?product=bella-plus","title":{"rendered":"BELLA PLUS"},"content":{"rendered":"<p>Unik\u0101ls sendvi\u010da tipa matracis BELLA PLUS, \u013caus atp\u016bsties j\u016bsu \u0137ermenim, un no r\u012bta jums negrib\u0113sies pamest gultu.<\/p>\n","protected":false},"excerpt":{"rendered":"<p>Unik\u0101ls sendvi\u010da tipa matracis BELLA PLUS, \u013caus atp\u016bsties j\u016bsu \u0137ermenim, un no r\u012bta jums negrib\u0113sies pamest gultu.<\/p>\n","protected":false},"featured_media":2455,"comment_status":"open","ping_status":"closed","template":"","meta":[],"_links":{"self":[{"href":"https:\/\/aizputesmebeles.lv\/index.php?rest_route=\/wp\/v2\/product\/2064"}],"collection":[{"href":"https:\/\/aizputesmebeles.lv\/index.php?rest_route=\/wp\/v2\/product"}],"about":[{"href":"https:\/\/aizputesmebeles.lv\/index.php?rest_route=\/wp\/v2\/types\/product"}],"replies":[{"embeddable":true,"href":"https:\/\/aizputesmebeles.lv\/index.php?rest_route=%2Fwp%2Fv2%2Fcomments&post=2064"}],"wp:featuredmedia":[{"embeddable":true,"href":"https:\/\/aizputesmebeles.lv\/index.php?rest_route=\/wp\/v2\/media\/2455"}],"wp:attachment":[{"href":"https:\/\/aizputesmebeles.lv\/index.php?rest_route=%2Fwp%2Fv2%2Fmedia&parent=2064"}],"curies":[{"name":"wp","href":"https:\/\/api.w.org\/{rel}","templated":true}]}}