{"id":1876,"date":"2021-06-26T11:09:12","date_gmt":"2021-06-26T08:09:12","guid":{"rendered":"http:\/\/aizputesmebeles.lv\/?post_type=product&#038;p=1876"},"modified":"2025-03-01T10:21:08","modified_gmt":"2025-03-01T08:21:08","slug":"%d1%81ocolatex","status":"publish","type":"product","link":"https:\/\/aizputesmebeles.lv\/?product=%d1%81ocolatex","title":{"rendered":"\u0421ocolatex"},"content":{"rendered":"<p>Vair\u0101ksl\u0101\u0146u bezatsperu matracis. Maksim\u0101la elast\u012bba tiek pan\u0101kta kombin\u0113jot kokosa un lateksa sl\u0101\u0146us.<\/p>\n<p>Pamatsegums \u2014 2 sl\u0101\u0146u perfor\u0113ts latekss \u2014 elast\u012bgs pild\u012bjums. Pie\u0146em anatomisku \u0137erme\u0146a formu. \u013boti labi atbalsta mugurkaulu t\u0101 dab\u012bg\u0101 st\u0101vokl\u012b, nodro\u0161inot musku\u013cu atsl\u0101bin\u0101\u0161anos.<br \/>\nNo ab\u0101m pus\u0113m p\u0101rkl\u0101ts ar vatel\u012bna sl\u0101ni.<br \/>\nP\u0101rvalks no auduma step\u0113ta pa sintiponu ar r\u0101v\u0113jsl\u0113dzi.<br \/>\nMatra\u010da augstums \u2248 19cm.<\/p>\n<p>\u2014 Latekss<br \/>\n\u2014 Latekss<br \/>\n\u2014 Kokosa pl\u0101ksne<br \/>\n\u2014 Vatel\u012bns<\/p>\n","protected":false},"excerpt":{"rendered":"<p>Vair\u0101ksl\u0101\u0146u bezatsperu matracis. Maksim\u0101la elast\u012bba tiek pan\u0101kta kombin\u0113jot kokosa un lateksa sl\u0101\u0146us. Pamatsegums \u2014 2 sl\u0101\u0146u perfor\u0113ts latekss \u2014 elast\u012bgs pild\u012bjums. Pie\u0146em anatomisku \u0137erme\u0146a formu. \u013boti labi atbalsta mugurkaulu t\u0101 dab\u012bg\u0101 st\u0101vokl\u012b, nodro\u0161inot musku\u013cu atsl\u0101bin\u0101\u0161anos. No ab\u0101m pus\u0113m p\u0101rkl\u0101ts ar vatel\u012bna sl\u0101ni. P\u0101rvalks no auduma step\u0113ta pa sintiponu ar r\u0101v\u0113jsl\u0113dzi. Matra\u010da augstums \u2248 19cm. \u2014 [&hellip;]<\/p>\n","protected":false},"featured_media":2627,"comment_status":"open","ping_status":"closed","template":"","meta":[],"_links":{"self":[{"href":"https:\/\/aizputesmebeles.lv\/index.php?rest_route=\/wp\/v2\/product\/1876"}],"collection":[{"href":"https:\/\/aizputesmebeles.lv\/index.php?rest_route=\/wp\/v2\/product"}],"about":[{"href":"https:\/\/aizputesmebeles.lv\/index.php?rest_route=\/wp\/v2\/types\/product"}],"replies":[{"embeddable":true,"href":"https:\/\/aizputesmebeles.lv\/index.php?rest_route=%2Fwp%2Fv2%2Fcomments&post=1876"}],"wp:featuredmedia":[{"embeddable":true,"href":"https:\/\/aizputesmebeles.lv\/index.php?rest_route=\/wp\/v2\/media\/2627"}],"wp:attachment":[{"href":"https:\/\/aizputesmebeles.lv\/index.php?rest_route=%2Fwp%2Fv2%2Fmedia&parent=1876"}],"curies":[{"name":"wp","href":"https:\/\/api.w.org\/{rel}","templated":true}]}}