{"id":1863,"date":"2021-06-25T17:36:06","date_gmt":"2021-06-25T14:36:06","guid":{"rendered":"http:\/\/aizputesmebeles.lv\/?post_type=product&#038;p=1863"},"modified":"2025-03-01T11:34:16","modified_gmt":"2025-03-01T09:34:16","slug":"kokoss-porolons-8-cm","status":"publish","type":"product","link":"https:\/\/aizputesmebeles.lv\/?product=kokoss-porolons-8-cm","title":{"rendered":"Kokoss\/Porolons 8 cm"},"content":{"rendered":"<p>B\u0113rnu matracis ide\u0101li piem\u0113rots vesel\u012bgam b\u0113rna miegam. Gluda virsma, m\u0113reni ciets.<\/p>\n<p>Segums \u2014 porolons (poliuret\u0101na putas) \u2014 elast\u012bgs, gaisa caurlaid\u012bgs. P\u0101rbaud\u012bts un dro\u0161s materi\u0101ls.<\/p>\n<p>Pild\u012bjums \u2014 kokosa pl\u0101ksne \u2014 elast\u012bgs, dab\u012bgs gaisa caurlaid\u012bgs materi\u0101ls.<\/p>\n<p>No ab\u0101m pus\u0113m p\u0101rkl\u0101ts ar vatel\u012bna sl\u0101ni.<\/p>\n<p>P\u0101rvalks ar r\u0101v\u0113jsl\u0113dz\u0113ju no 100% kokvilnas auduma.<\/p>\n<p>Matra\u010da augstums \u2248 8cm.<\/p>\n<p>\u2014 Porolons<br \/>\n\u2014 Kokosa pl\u0101ksne<br \/>\n\u2014 Vatel\u012bns<\/p>\n","protected":false},"excerpt":{"rendered":"<p>B\u0113rnu matracis ide\u0101li piem\u0113rots vesel\u012bgam b\u0113rna miegam. Gluda virsma, m\u0113reni ciets. Segums \u2014 porolons (poliuret\u0101na putas) \u2014 elast\u012bgs, gaisa caurlaid\u012bgs. P\u0101rbaud\u012bts un dro\u0161s materi\u0101ls. Pild\u012bjums \u2014 kokosa pl\u0101ksne \u2014 elast\u012bgs, dab\u012bgs gaisa caurlaid\u012bgs materi\u0101ls. No ab\u0101m pus\u0113m p\u0101rkl\u0101ts ar vatel\u012bna sl\u0101ni. P\u0101rvalks ar r\u0101v\u0113jsl\u0113dz\u0113ju no 100% kokvilnas auduma. Matra\u010da augstums \u2248 8cm. \u2014 Porolons \u2014 [&hellip;]<\/p>\n","protected":false},"featured_media":2424,"comment_status":"open","ping_status":"closed","template":"","meta":[],"_links":{"self":[{"href":"https:\/\/aizputesmebeles.lv\/index.php?rest_route=\/wp\/v2\/product\/1863"}],"collection":[{"href":"https:\/\/aizputesmebeles.lv\/index.php?rest_route=\/wp\/v2\/product"}],"about":[{"href":"https:\/\/aizputesmebeles.lv\/index.php?rest_route=\/wp\/v2\/types\/product"}],"replies":[{"embeddable":true,"href":"https:\/\/aizputesmebeles.lv\/index.php?rest_route=%2Fwp%2Fv2%2Fcomments&post=1863"}],"wp:featuredmedia":[{"embeddable":true,"href":"https:\/\/aizputesmebeles.lv\/index.php?rest_route=\/wp\/v2\/media\/2424"}],"wp:attachment":[{"href":"https:\/\/aizputesmebeles.lv\/index.php?rest_route=%2Fwp%2Fv2%2Fmedia&parent=1863"}],"curies":[{"name":"wp","href":"https:\/\/api.w.org\/{rel}","templated":true}]}}