{"id":1788,"date":"2021-06-25T13:19:06","date_gmt":"2021-06-25T10:19:06","guid":{"rendered":"http:\/\/aizputesmebeles.lv\/?post_type=product&#038;p=1788"},"modified":"2025-02-27T18:23:11","modified_gmt":"2025-02-27T16:23:11","slug":"pocket-latex","status":"publish","type":"product","link":"https:\/\/aizputesmebeles.lv\/?product=pocket-latex","title":{"rendered":"Pocket Latex"},"content":{"rendered":"<p>Ortop\u0113disks matracis uz\u00a0atsperu bloka pamata -\u00abpocket\u00bb (255\u00a0atsperes\/\u043c<sup>2<\/sup>), nodro\u0161ina pareizu mugurkaula st\u0101vokli miega laik\u0101.<br \/>\nSegums\u00a0\u2014 perfor\u0113ts latekss \u2014 elast\u012bgs pild\u012bjums. Pie\u0146em anatomisku \u0137erme\u0146a formu Labi atbalsta mugurkaulu t\u0101\u00a0dab\u012bg\u0101 st\u0101vokl\u012b, nodro\u0161inot musku\u013cu atsl\u0101bin\u0101\u0161anos.<br \/>\nOtra puse\u00a0\u2014 augsti elast\u012bgas putas HR \u2014 vingrs un\u00a0elast\u012bgs pild\u012bjums (ciet\u0101ks un\u00a0vingr\u0101ks par lateksu un\u00a0\u00abmemory foam\u00bb). Pie\u0146em anatomisku \u0137erme\u0146a formu. Labi atbalsta mugurkaulu t\u0101\u00a0dab\u012bg\u0101 st\u0101vokl\u012b.<br \/>\nNo\u00a0ab\u0101m pus\u0113m p\u0101rkl\u0101ts ar\u00a0vatel\u012bna sl\u0101ni.<br \/>\nP\u0101rvalks no\u00a0step\u0113ta auduma ar\u00a0r\u0101v\u0113jsl\u0113dzi.<br \/>\nMatra\u010da augstums \u2248 20-21\u00a0\u0441\u043c.<\/p>\n<p>\u2014 Atsperu bloks &#8220;Pocket&#8221;<br \/>\n\u2014 Latekss<br \/>\n\u2014 Latekss<br \/>\n\u2014 Putas HR<br \/>\n\u2014 Vatel\u012bns<\/p>\n","protected":false},"excerpt":{"rendered":"<p>Ortop\u0113disks matracis uz\u00a0atsperu bloka pamata -\u00abpocket\u00bb (255\u00a0atsperes\/\u043c2), nodro\u0161ina pareizu mugurkaula st\u0101vokli miega laik\u0101. Segums\u00a0\u2014 perfor\u0113ts latekss \u2014 elast\u012bgs pild\u012bjums. Pie\u0146em anatomisku \u0137erme\u0146a formu Labi atbalsta mugurkaulu t\u0101\u00a0dab\u012bg\u0101 st\u0101vokl\u012b, nodro\u0161inot musku\u013cu atsl\u0101bin\u0101\u0161anos. Otra puse\u00a0\u2014 augsti elast\u012bgas putas HR \u2014 vingrs un\u00a0elast\u012bgs pild\u012bjums (ciet\u0101ks un\u00a0vingr\u0101ks par lateksu un\u00a0\u00abmemory foam\u00bb). Pie\u0146em anatomisku \u0137erme\u0146a formu. Labi atbalsta mugurkaulu t\u0101\u00a0dab\u012bg\u0101 [&hellip;]<\/p>\n","protected":false},"featured_media":2409,"comment_status":"open","ping_status":"closed","template":"","meta":[],"_links":{"self":[{"href":"https:\/\/aizputesmebeles.lv\/index.php?rest_route=\/wp\/v2\/product\/1788"}],"collection":[{"href":"https:\/\/aizputesmebeles.lv\/index.php?rest_route=\/wp\/v2\/product"}],"about":[{"href":"https:\/\/aizputesmebeles.lv\/index.php?rest_route=\/wp\/v2\/types\/product"}],"replies":[{"embeddable":true,"href":"https:\/\/aizputesmebeles.lv\/index.php?rest_route=%2Fwp%2Fv2%2Fcomments&post=1788"}],"wp:featuredmedia":[{"embeddable":true,"href":"https:\/\/aizputesmebeles.lv\/index.php?rest_route=\/wp\/v2\/media\/2409"}],"wp:attachment":[{"href":"https:\/\/aizputesmebeles.lv\/index.php?rest_route=%2Fwp%2Fv2%2Fmedia&parent=1788"}],"curies":[{"name":"wp","href":"https:\/\/api.w.org\/{rel}","templated":true}]}}