{"id":1717,"date":"2021-06-25T12:07:26","date_gmt":"2021-06-25T09:07:26","guid":{"rendered":"http:\/\/aizputesmebeles.lv\/?post_type=product&#038;p=1717"},"modified":"2025-02-27T17:55:16","modified_gmt":"2025-02-27T15:55:16","slug":"extra","status":"publish","type":"product","link":"https:\/\/aizputesmebeles.lv\/?product=extra","title":{"rendered":"Extra"},"content":{"rendered":"<p>Matra\u010da pamat\u0101 atsperu bloks \u00abbonnell\u00bb. Kvalitat\u012bvs un ekonomisks matra\u010da variants.<\/p>\n<p>Segums \u2014 kokosa pl\u0101ksne \u2014 elast\u012bgs, dab\u012bgs gaisa caurlaid\u012bgs pild\u012bjums.<\/p>\n<p>Paredz\u0113ts lai pie\u0161\u0137irtu matracim ciet\u012bbu.<\/p>\n<p>No ab\u0101m pus\u0113m p\u0101rkl\u0101ts ar vatel\u012bna sl\u0101ni<\/p>\n<p>P\u0101rvalks no auduma step\u0113ta pa sintiponu ar r\u0101v\u0113jsl\u0113dzi.<\/p>\n<p>Matra\u010da augstums \u2248 19cm.<\/p>\n<p>\u2014 Atsperu bloks &#8220;Bonnell&#8221;<br \/>\n\u2014 Kokosa pl\u0101ksne<br \/>\n\u2014 Vatel\u012bns<\/p>\n","protected":false},"excerpt":{"rendered":"<p>Matra\u010da pamat\u0101 atsperu bloks \u00abbonnell\u00bb. Kvalitat\u012bvs un ekonomisks matra\u010da variants. Segums \u2014 kokosa pl\u0101ksne \u2014 elast\u012bgs, dab\u012bgs gaisa caurlaid\u012bgs pild\u012bjums. Paredz\u0113ts lai pie\u0161\u0137irtu matracim ciet\u012bbu. No ab\u0101m pus\u0113m p\u0101rkl\u0101ts ar vatel\u012bna sl\u0101ni P\u0101rvalks no auduma step\u0113ta pa sintiponu ar r\u0101v\u0113jsl\u0113dzi. Matra\u010da augstums \u2248 19cm. \u2014 Atsperu bloks &#8220;Bonnell&#8221; \u2014 Kokosa pl\u0101ksne \u2014 Vatel\u012bns<\/p>\n","protected":false},"featured_media":2403,"comment_status":"open","ping_status":"closed","template":"","meta":[],"_links":{"self":[{"href":"https:\/\/aizputesmebeles.lv\/index.php?rest_route=\/wp\/v2\/product\/1717"}],"collection":[{"href":"https:\/\/aizputesmebeles.lv\/index.php?rest_route=\/wp\/v2\/product"}],"about":[{"href":"https:\/\/aizputesmebeles.lv\/index.php?rest_route=\/wp\/v2\/types\/product"}],"replies":[{"embeddable":true,"href":"https:\/\/aizputesmebeles.lv\/index.php?rest_route=%2Fwp%2Fv2%2Fcomments&post=1717"}],"wp:featuredmedia":[{"embeddable":true,"href":"https:\/\/aizputesmebeles.lv\/index.php?rest_route=\/wp\/v2\/media\/2403"}],"wp:attachment":[{"href":"https:\/\/aizputesmebeles.lv\/index.php?rest_route=%2Fwp%2Fv2%2Fmedia&parent=1717"}],"curies":[{"name":"wp","href":"https:\/\/api.w.org\/{rel}","templated":true}]}}