{"id":1310,"date":"2021-04-09T01:43:50","date_gmt":"2021-04-08T22:43:50","guid":{"rendered":"http:\/\/aizputesmebeles.lv\/?post_type=product&#038;p=1310"},"modified":"2022-04-25T16:53:17","modified_gmt":"2022-04-25T13:53:17","slug":"matracis-pocket","status":"publish","type":"product","link":"https:\/\/aizputesmebeles.lv\/?product=matracis-pocket","title":{"rendered":"Matracis Pocket"},"content":{"rendered":"<p><strong>Pocket atsperu matracis<\/strong><br \/>\nAugstums ar p\u0101rvalku apm\u0113ram 21.cm. P\u0101rvalks&#8221;LUREX&#8221; izgatavots no antibaktri\u0101la auduma ar sudraba jonu diegiem. Pat\u012bkami m\u012bksts step\u0113ts p\u0101rvalks. R\u0101v\u0113jsl\u0113dz\u0113js iestr\u0101d\u0101ts visapk\u0101rt matracim un dod iesp\u0113ju viegli sadal\u012bt p\u0101rvalku div\u0101s da\u013c\u0101s. P\u0101rvalku var mazg\u0101t teperat\u016br\u0101 l\u012bdz 60 gr\u0101diem. Matra\u010da kodols sast\u0101v no neliela diametra atsper\u0113m, kuras ievietotas savstarp\u0113ji savienotos auduma maisi\u0146os. Tas nodro\u0161ina labu punktu elast\u012bbu un labu gul\u0113t\u0101ja svara sadal\u012bjumu. Vien\u0101 pus\u0113 ir 4 cm. bieza reljefa poliuret\u0101na pl\u0101ksne. Taj\u0101 iestr\u0101d\u0101tas 5 anatomisk\u0101s zonas.T\u0101 dod labu mas\u0101\u017eas efektu, uzlabo gaisa cirkul\u0101ciju, samazina sviedru izdal\u012b\u0161anos. Otr\u0101 pus\u0113 ir RE poliuret\u0101na pl\u0101ksne, kura ir bl\u012bv\u0101ka un nodro\u0161inas stigr\u0101ku atbalstu miega laik\u0101. Piem\u0113rots gul\u0113t\u0101jiem ar svaru l\u012bdz 120 kg. Iesp\u0113jams izgatavot nestandarta izm\u0113rus.<\/p>\n<p>Garantija divi gadi.<br \/>\nRa\u017eots \u010cehij\u0101.<br \/>\n<em>Iesp\u0113jams jebkur\u0161 izm\u0113rs.<\/em><\/p>\n","protected":false},"excerpt":{"rendered":"<p>Pocket atsperu matracis Augstums ar p\u0101rvalku apm\u0113ram 21.cm. P\u0101rvalks&#8221;LUREX&#8221; izgatavots no antibaktri\u0101la auduma ar sudraba jonu diegiem. Pat\u012bkami m\u012bksts step\u0113ts p\u0101rvalks. R\u0101v\u0113jsl\u0113dz\u0113js iestr\u0101d\u0101ts visapk\u0101rt matracim un dod iesp\u0113ju viegli sadal\u012bt p\u0101rvalku div\u0101s da\u013c\u0101s. P\u0101rvalku var mazg\u0101t teperat\u016br\u0101 l\u012bdz 60 gr\u0101diem. Matra\u010da kodols sast\u0101v no neliela diametra atsper\u0113m, kuras ievietotas savstarp\u0113ji savienotos auduma maisi\u0146os. Tas nodro\u0161ina [&hellip;]<\/p>\n","protected":false},"featured_media":1610,"comment_status":"open","ping_status":"closed","template":"","meta":[],"_links":{"self":[{"href":"https:\/\/aizputesmebeles.lv\/index.php?rest_route=\/wp\/v2\/product\/1310"}],"collection":[{"href":"https:\/\/aizputesmebeles.lv\/index.php?rest_route=\/wp\/v2\/product"}],"about":[{"href":"https:\/\/aizputesmebeles.lv\/index.php?rest_route=\/wp\/v2\/types\/product"}],"replies":[{"embeddable":true,"href":"https:\/\/aizputesmebeles.lv\/index.php?rest_route=%2Fwp%2Fv2%2Fcomments&post=1310"}],"wp:featuredmedia":[{"embeddable":true,"href":"https:\/\/aizputesmebeles.lv\/index.php?rest_route=\/wp\/v2\/media\/1610"}],"wp:attachment":[{"href":"https:\/\/aizputesmebeles.lv\/index.php?rest_route=%2Fwp%2Fv2%2Fmedia&parent=1310"}],"curies":[{"name":"wp","href":"https:\/\/api.w.org\/{rel}","templated":true}]}}