{"id":1194,"date":"2021-04-09T01:43:12","date_gmt":"2021-04-08T22:43:12","guid":{"rendered":"http:\/\/aizputesmebeles.lv\/?post_type=product&#038;p=1194"},"modified":"2026-01-06T13:46:39","modified_gmt":"2026-01-06T11:46:39","slug":"gramatu-plaukts-ar-apaksejo-skapiti","status":"publish","type":"product","link":"https:\/\/aizputesmebeles.lv\/?product=gramatu-plaukts-ar-apaksejo-skapiti","title":{"rendered":"Gr\u0101matu plaukts ar apak\u0161\u0113jo skap\u012bti"},"content":{"rendered":"","protected":false},"excerpt":{"rendered":"","protected":false},"featured_media":1233,"comment_status":"open","ping_status":"closed","template":"","meta":[],"_links":{"self":[{"href":"https:\/\/aizputesmebeles.lv\/index.php?rest_route=\/wp\/v2\/product\/1194"}],"collection":[{"href":"https:\/\/aizputesmebeles.lv\/index.php?rest_route=\/wp\/v2\/product"}],"about":[{"href":"https:\/\/aizputesmebeles.lv\/index.php?rest_route=\/wp\/v2\/types\/product"}],"replies":[{"embeddable":true,"href":"https:\/\/aizputesmebeles.lv\/index.php?rest_route=%2Fwp%2Fv2%2Fcomments&post=1194"}],"wp:featuredmedia":[{"embeddable":true,"href":"https:\/\/aizputesmebeles.lv\/index.php?rest_route=\/wp\/v2\/media\/1233"}],"wp:attachment":[{"href":"https:\/\/aizputesmebeles.lv\/index.php?rest_route=%2Fwp%2Fv2%2Fmedia&parent=1194"}],"curies":[{"name":"wp","href":"https:\/\/api.w.org\/{rel}","templated":true}]}}