{"id":1191,"date":"2021-04-09T01:43:11","date_gmt":"2021-04-08T22:43:11","guid":{"rendered":"http:\/\/aizputesmebeles.lv\/?post_type=product&#038;p=1191"},"modified":"2026-04-24T04:18:47","modified_gmt":"2026-04-24T01:18:47","slug":"spogulis-ar-plauktiem","status":"publish","type":"product","link":"https:\/\/aizputesmebeles.lv\/?product=spogulis-ar-plauktiem","title":{"rendered":"Spogulis ar plauktiem"},"content":{"rendered":"<p>Spogulis ar plauktiem ir izgatavots no melnalk\u0161\u0146a mas\u012bvkoka un s\u0113rijveid\u0101 tiek lakots dab\u012bg\u0101 ton\u012b kas atbilst standarta cenai. Spoguli ar plauktiem var ton\u0113t ar\u012b mahagona, rieksta, pienaini balt\u0101 kr\u0101sa (Papildus to\u0146i ir iesp\u0113jami par papildus samaksu. Konsult\u0113jaties ar p\u0101rdev\u0113ju).<br \/>\n\u0160is spogulis ir paredz\u0113ts izmantot gan priek\u0161nam\u0101 gan gu\u013camistab\u0101. Priek\u0161nam\u0101 to ir iesp\u0113jams novietot uz kumodes vai piek\u0101rt pie sienas jo tam ir iestr\u0101d\u0101tas stiprin\u0101juma vietas spogu\u013ca aizmugur\u0113.<br \/>\nBild\u0113s redzamie aksesu\u0101ri vai citas m\u0113beles nav iek\u013cautas spogu\u013ca cen\u0101!<\/p>\n<p>Platums 100 cm<br \/>\nAugstums 85 cm<\/p>\n","protected":false},"excerpt":{"rendered":"<p>Spogulis ar plauktiem ir izgatavots no melnalk\u0161\u0146a mas\u012bvkoka un s\u0113rijveid\u0101 tiek lakots dab\u012bg\u0101 ton\u012b kas atbilst standarta cenai. Spoguli ar plauktiem var ton\u0113t ar\u012b mahagona, rieksta, pienaini balt\u0101 kr\u0101sa (Papildus to\u0146i ir iesp\u0113jami par papildus samaksu. Konsult\u0113jaties ar p\u0101rdev\u0113ju). \u0160is spogulis ir paredz\u0113ts izmantot gan priek\u0161nam\u0101 gan gu\u013camistab\u0101. Priek\u0161nam\u0101 to ir iesp\u0113jams novietot uz kumodes [&hellip;]<\/p>\n","protected":false},"featured_media":1232,"comment_status":"open","ping_status":"closed","template":"","meta":[],"_links":{"self":[{"href":"https:\/\/aizputesmebeles.lv\/index.php?rest_route=\/wp\/v2\/product\/1191"}],"collection":[{"href":"https:\/\/aizputesmebeles.lv\/index.php?rest_route=\/wp\/v2\/product"}],"about":[{"href":"https:\/\/aizputesmebeles.lv\/index.php?rest_route=\/wp\/v2\/types\/product"}],"replies":[{"embeddable":true,"href":"https:\/\/aizputesmebeles.lv\/index.php?rest_route=%2Fwp%2Fv2%2Fcomments&post=1191"}],"wp:featuredmedia":[{"embeddable":true,"href":"https:\/\/aizputesmebeles.lv\/index.php?rest_route=\/wp\/v2\/media\/1232"}],"wp:attachment":[{"href":"https:\/\/aizputesmebeles.lv\/index.php?rest_route=%2Fwp%2Fv2%2Fmedia&parent=1191"}],"curies":[{"name":"wp","href":"https:\/\/api.w.org\/{rel}","templated":true}]}}