{"id":1160,"date":"2021-04-09T01:42:51","date_gmt":"2021-04-08T22:42:51","guid":{"rendered":"http:\/\/aizputesmebeles.lv\/?post_type=product&#038;p=1160"},"modified":"2025-11-19T18:52:07","modified_gmt":"2025-11-19T16:52:07","slug":"stepeta-dabiga-aitas-vilnas-sega","status":"publish","type":"product","link":"https:\/\/aizputesmebeles.lv\/?product=stepeta-dabiga-aitas-vilnas-sega","title":{"rendered":"Aitas vilnas segas"},"content":{"rendered":"<p>Aitas vilnas segas ir Latvij\u0101 ra\u017eotas segas no dab\u012bgas aitu vilnas un kokvilnas apvalka.<br \/>\nSeg\u0101m ir pieejami standarta izm\u0113ri un ir iesp\u0113jams pas\u016bt\u012bt da\u017e\u0101dus nestandarta izm\u0113rus.<\/p>\n","protected":false},"excerpt":{"rendered":"<p>Aitas vilnas segas ir Latvij\u0101 ra\u017eotas segas no dab\u012bgas aitu vilnas un kokvilnas apvalka. Seg\u0101m ir pieejami standarta izm\u0113ri un ir iesp\u0113jams pas\u016bt\u012bt da\u017e\u0101dus nestandarta izm\u0113rus.<\/p>\n","protected":false},"featured_media":1208,"comment_status":"open","ping_status":"closed","template":"","meta":[],"_links":{"self":[{"href":"https:\/\/aizputesmebeles.lv\/index.php?rest_route=\/wp\/v2\/product\/1160"}],"collection":[{"href":"https:\/\/aizputesmebeles.lv\/index.php?rest_route=\/wp\/v2\/product"}],"about":[{"href":"https:\/\/aizputesmebeles.lv\/index.php?rest_route=\/wp\/v2\/types\/product"}],"replies":[{"embeddable":true,"href":"https:\/\/aizputesmebeles.lv\/index.php?rest_route=%2Fwp%2Fv2%2Fcomments&post=1160"}],"wp:featuredmedia":[{"embeddable":true,"href":"https:\/\/aizputesmebeles.lv\/index.php?rest_route=\/wp\/v2\/media\/1208"}],"wp:attachment":[{"href":"https:\/\/aizputesmebeles.lv\/index.php?rest_route=%2Fwp%2Fv2%2Fmedia&parent=1160"}],"curies":[{"name":"wp","href":"https:\/\/api.w.org\/{rel}","templated":true}]}}