{"id":1103,"date":"2021-04-09T01:42:29","date_gmt":"2021-04-08T22:42:29","guid":{"rendered":"http:\/\/aizputesmebeles.lv\/?post_type=product&#038;p=1103"},"modified":"2025-03-01T11:41:36","modified_gmt":"2025-03-01T09:41:36","slug":"virsmatracis-weekend","status":"publish","type":"product","link":"https:\/\/aizputesmebeles.lv\/?product=virsmatracis-weekend","title":{"rendered":"Aizsargvirsmatracis 3-sl\u0101\u0146u"},"content":{"rendered":"<p>Virsmatracis ar \u010detriem gumijas stiprin\u0101jumiem st\u016bros.<br \/>\nAizsardz\u012bba no putek\u013cu \u0113rc\u012bt\u0113m, traipiem un net\u012brumiem. Kav\u0113 matra\u010da p\u0101rvalka novalk\u0101\u0161anos.<br \/>\nGaisa caurlaid\u012bgs, \u016bdens necaurlaid\u012bgs materi\u0101ls.<br \/>\nAug\u0161\u0113jais sl\u0101nis 100% mikro\u0161\u0137iedra step\u0113ts uz sintepona.<br \/>\nApak\u0161\u0113jais sl\u0101nis 100% poliurit\u0101ns.<br \/>\nViegli mazg\u0101jams 40\u00b0\u0421, \u0101tri \u017e\u016bst, nav nepiecie\u0161am\u012bbas gludin\u0101t.<br \/>\nPieejami da\u017e\u0101di izm\u0113ri.<\/p>\n<div class=\"row\">\n<div class=\"col-md-2-50ths\">\n<div class=\"product_meta\">\u2014\u00a0Aug\u0161\u0113jais sl\u0101nis 100% mikro\u0161\u0137iedra<br \/>\n\u2014\u00a0Apak\u0161\u0113jais sl\u0101nis 100% poliurit\u0101ns<\/div>\n<\/div>\n<\/div>\n","protected":false},"excerpt":{"rendered":"<p>Virsmatracis ar \u010detriem gumijas stiprin\u0101jumiem st\u016bros. Aizsardz\u012bba no putek\u013cu \u0113rc\u012bt\u0113m, traipiem un net\u012brumiem. Kav\u0113 matra\u010da p\u0101rvalka novalk\u0101\u0161anos. Gaisa caurlaid\u012bgs, \u016bdens necaurlaid\u012bgs materi\u0101ls. Aug\u0161\u0113jais sl\u0101nis 100% mikro\u0161\u0137iedra step\u0113ts uz sintepona. Apak\u0161\u0113jais sl\u0101nis 100% poliurit\u0101ns. Viegli mazg\u0101jams 40\u00b0\u0421, \u0101tri \u017e\u016bst, nav nepiecie\u0161am\u012bbas gludin\u0101t. Pieejami da\u017e\u0101di izm\u0113ri. \u2014\u00a0Aug\u0161\u0113jais sl\u0101nis 100% mikro\u0161\u0137iedra \u2014\u00a0Apak\u0161\u0113jais sl\u0101nis 100% poliurit\u0101ns<\/p>\n","protected":false},"featured_media":2458,"comment_status":"open","ping_status":"closed","template":"","meta":[],"_links":{"self":[{"href":"https:\/\/aizputesmebeles.lv\/index.php?rest_route=\/wp\/v2\/product\/1103"}],"collection":[{"href":"https:\/\/aizputesmebeles.lv\/index.php?rest_route=\/wp\/v2\/product"}],"about":[{"href":"https:\/\/aizputesmebeles.lv\/index.php?rest_route=\/wp\/v2\/types\/product"}],"replies":[{"embeddable":true,"href":"https:\/\/aizputesmebeles.lv\/index.php?rest_route=%2Fwp%2Fv2%2Fcomments&post=1103"}],"wp:featuredmedia":[{"embeddable":true,"href":"https:\/\/aizputesmebeles.lv\/index.php?rest_route=\/wp\/v2\/media\/2458"}],"wp:attachment":[{"href":"https:\/\/aizputesmebeles.lv\/index.php?rest_route=%2Fwp%2Fv2%2Fmedia&parent=1103"}],"curies":[{"name":"wp","href":"https:\/\/api.w.org\/{rel}","templated":true}]}}