{"id":1102,"date":"2021-04-09T01:42:29","date_gmt":"2021-04-08T22:42:29","guid":{"rendered":"http:\/\/aizputesmebeles.lv\/?post_type=product&#038;p=1102"},"modified":"2023-01-04T09:58:46","modified_gmt":"2023-01-04T07:58:46","slug":"matracis-norka-plus","status":"publish","type":"product","link":"https:\/\/aizputesmebeles.lv\/?product=matracis-norka-plus","title":{"rendered":"Matracis Norka Plus"},"content":{"rendered":"<div>NORKA PLUS<\/div>\n<div>\u013boti popul\u0101rs un piepras\u012bts vair\u0101ku sl\u0101\u0146u matracis. Vid\u0113jais kodola sl\u0101nis no cieta putu poliuret\u0101na RE, no ab\u0101m pus\u0113m nostiprin\u0101ts ar kvalitat\u012bva putu poliuret\u0101na pl\u0101ksn\u0113m. Iek\u0161\u0113jie sl\u0101\u0146i profil\u0113ti, lai nodro\u0161in\u0101tu kodol\u0101 nepiecie\u0161amo gaisa caurlaid\u012bbu. Pied\u0101v\u0101jam jaunu 17 cm augsta Norka plus modeli ar biez\u0101ku RE pl\u0101ksni liel\u0101ka svara cilv\u0113kiem. \u0160\u012b tipa matra\u010di galvenok\u0101rt augstu tiek v\u0113rt\u0113ti par to lielisko \u012bpa\u0161\u012bbu savienojumu. Matra\u010dus var lietot no ab\u0101m pus\u0113m.<\/div>\n<div>Matracis dom\u0101ts cilv\u0113kiem, kuriem pat\u012bk ciet\u0101kas gultas. Apk\u0101rtejo\u0161s r\u0101v\u0113jsl\u0113dz\u0113js, p\u0101rvalks viegli no\u0146emams, sadal\u0101s div\u0101s da\u013c\u0101s. P\u0101rvalks &#8220;WELLNESS ALOE VERA&#8221;<\/div>\n<div>Pieejami visi izm\u0113ri.<\/div>\n<div><\/div>\n<div>Augstums ar p\u0101rvalku:<\/div>\n<div>\u201eNorka Pluss\u201d \u2013 ap 17 cm.<\/div>\n<div>Ra\u017eots \u010cehij\u0101.<\/div>\n<div><em>Izgatavo ar\u012b nestandarta izm\u0113rus.<\/em><\/div>\n","protected":false},"excerpt":{"rendered":"<p>NORKA PLUS \u013boti popul\u0101rs un piepras\u012bts vair\u0101ku sl\u0101\u0146u matracis. Vid\u0113jais kodola sl\u0101nis no cieta putu poliuret\u0101na RE, no ab\u0101m pus\u0113m nostiprin\u0101ts ar kvalitat\u012bva putu poliuret\u0101na pl\u0101ksn\u0113m. Iek\u0161\u0113jie sl\u0101\u0146i profil\u0113ti, lai nodro\u0161in\u0101tu kodol\u0101 nepiecie\u0161amo gaisa caurlaid\u012bbu. Pied\u0101v\u0101jam jaunu 17 cm augsta Norka plus modeli ar biez\u0101ku RE pl\u0101ksni liel\u0101ka svara cilv\u0113kiem. \u0160\u012b tipa matra\u010di galvenok\u0101rt augstu [&hellip;]<\/p>\n","protected":false},"featured_media":1593,"comment_status":"open","ping_status":"closed","template":"","meta":[],"_links":{"self":[{"href":"https:\/\/aizputesmebeles.lv\/index.php?rest_route=\/wp\/v2\/product\/1102"}],"collection":[{"href":"https:\/\/aizputesmebeles.lv\/index.php?rest_route=\/wp\/v2\/product"}],"about":[{"href":"https:\/\/aizputesmebeles.lv\/index.php?rest_route=\/wp\/v2\/types\/product"}],"replies":[{"embeddable":true,"href":"https:\/\/aizputesmebeles.lv\/index.php?rest_route=%2Fwp%2Fv2%2Fcomments&post=1102"}],"wp:featuredmedia":[{"embeddable":true,"href":"https:\/\/aizputesmebeles.lv\/index.php?rest_route=\/wp\/v2\/media\/1593"}],"wp:attachment":[{"href":"https:\/\/aizputesmebeles.lv\/index.php?rest_route=%2Fwp%2Fv2%2Fmedia&parent=1102"}],"curies":[{"name":"wp","href":"https:\/\/api.w.org\/{rel}","templated":true}]}}