{"id":1101,"date":"2021-04-09T01:42:29","date_gmt":"2021-04-08T22:42:29","guid":{"rendered":"http:\/\/aizputesmebeles.lv\/?post_type=product&#038;p=1101"},"modified":"2022-04-25T16:35:10","modified_gmt":"2022-04-25T13:35:10","slug":"matracis-catania","status":"publish","type":"product","link":"https:\/\/aizputesmebeles.lv\/?product=matracis-catania","title":{"rendered":"CATANIA"},"content":{"rendered":"<p><strong>Matracis CATANIA<\/strong><\/p>\n<div>Sendvi\u010dveida matracis CATANIA ir \u013coti iecien\u012bts t\u0101 \u0101r\u0113jo sl\u0101\u0146u profil\u0113juma d\u0113\u013c, kas var<\/div>\n<div>uzlabot asinsriti miega laik\u0101. \u0160im stingrajam matracim ir izteikts centr\u0101lais kodola stiprin\u0101jums, ko veido poliuret\u0101na putu un RE putu kombin\u0101cija. CATANIA var izmantot ar p\u0101rvalku, kas ir mazg\u0101jamas 60\u00b0C temperat\u016br\u0101 un kam ir r\u0101v\u0113jsl\u0113dz\u0113js vis\u0101s \u010detr\u0101s mal\u0101s. P\u0113c gul\u0113\u0161anas uz CATANIA mod\u012bsieties ar smaidu.<\/div>\n<div>Matra\u010da biezums 15 cm. Paredz\u0113ts cilv\u0113kiem ar svaru l\u012bdz 110 kg.<\/div>\n<div>Ra\u017eots \u010cehij\u0101.<\/div>\n","protected":false},"excerpt":{"rendered":"<p>Matracis CATANIA Sendvi\u010dveida matracis CATANIA ir \u013coti iecien\u012bts t\u0101 \u0101r\u0113jo sl\u0101\u0146u profil\u0113juma d\u0113\u013c, kas var uzlabot asinsriti miega laik\u0101. \u0160im stingrajam matracim ir izteikts centr\u0101lais kodola stiprin\u0101jums, ko veido poliuret\u0101na putu un RE putu kombin\u0101cija. CATANIA var izmantot ar p\u0101rvalku, kas ir mazg\u0101jamas 60\u00b0C temperat\u016br\u0101 un kam ir r\u0101v\u0113jsl\u0113dz\u0113js vis\u0101s \u010detr\u0101s mal\u0101s. P\u0113c gul\u0113\u0161anas uz [&hellip;]<\/p>\n","protected":false},"featured_media":1575,"comment_status":"open","ping_status":"closed","template":"","meta":[],"_links":{"self":[{"href":"https:\/\/aizputesmebeles.lv\/index.php?rest_route=\/wp\/v2\/product\/1101"}],"collection":[{"href":"https:\/\/aizputesmebeles.lv\/index.php?rest_route=\/wp\/v2\/product"}],"about":[{"href":"https:\/\/aizputesmebeles.lv\/index.php?rest_route=\/wp\/v2\/types\/product"}],"replies":[{"embeddable":true,"href":"https:\/\/aizputesmebeles.lv\/index.php?rest_route=%2Fwp%2Fv2%2Fcomments&post=1101"}],"wp:featuredmedia":[{"embeddable":true,"href":"https:\/\/aizputesmebeles.lv\/index.php?rest_route=\/wp\/v2\/media\/1575"}],"wp:attachment":[{"href":"https:\/\/aizputesmebeles.lv\/index.php?rest_route=%2Fwp%2Fv2%2Fmedia&parent=1101"}],"curies":[{"name":"wp","href":"https:\/\/api.w.org\/{rel}","templated":true}]}}