{"id":1099,"date":"2021-04-09T01:42:29","date_gmt":"2021-04-08T22:42:29","guid":{"rendered":"http:\/\/aizputesmebeles.lv\/?post_type=product&#038;p=1099"},"modified":"2025-03-01T10:17:05","modified_gmt":"2025-03-01T08:17:05","slug":"doublepocket-memory","status":"publish","type":"product","link":"https:\/\/aizputesmebeles.lv\/?product=doublepocket-memory","title":{"rendered":"DoublePocket Memory"},"content":{"rendered":"<p>Ortop\u0113disks matracis uz\u00a0\u00abpocket\u00bb un\u00a0\u00abmicropocket\u00bb bloku pamata (255\u00a0atsperes\/m<sup>2<\/sup>), nodro\u0161ina pareizu mugurkaula st\u0101vokli miega laik\u0101. \u0160\u0101da kombin\u0101cija ir\u00a0nepiecie\u0161ama matra\u010da augstuma palielin\u0101\u0161anai.<br \/>\nSegums\u00a0\u2014 augsti tehnolo\u0123isks materi\u0101ls \u00abmemory foam\u00bb (viskoelastiks). Pie\u0146em anatomisku \u0137erme\u0146a formu. \u013boti labi atbalsta mugurkaulu t\u0101\u00a0dab\u012bg\u0101 st\u0101vokl\u012b, nodro\u0161inot musku\u013cu atsl\u0101bin\u0101\u0161anos. Netrauc\u0113 norm\u0101lai asinsritei.<br \/>\nOtra puse\u00a0\u2014 kokosa pl\u0101ksne\u00a0\u2014 elast\u012bgs, dab\u012bgs, gaisa caurlaid\u012bgs pild\u012bjums.<br \/>\nNo\u00a0ab\u0101m pus\u0113m p\u0101rkl\u0101ts ar\u00a0vatel\u012bna sl\u0101ni.<br \/>\nP\u0101rvalks no\u00a0auduma step\u0113ta pa\u00a0sintiponu ar\u00a0r\u0101v\u0113jsl\u0113dzi.<br \/>\nMatra\u010da augstums \u2248 30cm.<\/p>\n<p>\u2014 Atsperu bloks &#8220;Pocket&#8221;<br \/>\n\u2014 Atsperu bloks &#8220;MicroPocket&#8221;<br \/>\n\u2014 \u00abMemory Foam\u00bb<br \/>\n\u2014 Kokosa pl\u0101ksne<br \/>\n\u2014 Vatel\u012bns<\/p>\n","protected":false},"excerpt":{"rendered":"<p>Ortop\u0113disks matracis uz\u00a0\u00abpocket\u00bb un\u00a0\u00abmicropocket\u00bb bloku pamata (255\u00a0atsperes\/m2), nodro\u0161ina pareizu mugurkaula st\u0101vokli miega laik\u0101. \u0160\u0101da kombin\u0101cija ir\u00a0nepiecie\u0161ama matra\u010da augstuma palielin\u0101\u0161anai. Segums\u00a0\u2014 augsti tehnolo\u0123isks materi\u0101ls \u00abmemory foam\u00bb (viskoelastiks). Pie\u0146em anatomisku \u0137erme\u0146a formu. \u013boti labi atbalsta mugurkaulu t\u0101\u00a0dab\u012bg\u0101 st\u0101vokl\u012b, nodro\u0161inot musku\u013cu atsl\u0101bin\u0101\u0161anos. Netrauc\u0113 norm\u0101lai asinsritei. Otra puse\u00a0\u2014 kokosa pl\u0101ksne\u00a0\u2014 elast\u012bgs, dab\u012bgs, gaisa caurlaid\u012bgs pild\u012bjums. No\u00a0ab\u0101m pus\u0113m p\u0101rkl\u0101ts ar\u00a0vatel\u012bna [&hellip;]<\/p>\n","protected":false},"featured_media":2411,"comment_status":"open","ping_status":"closed","template":"","meta":[],"_links":{"self":[{"href":"https:\/\/aizputesmebeles.lv\/index.php?rest_route=\/wp\/v2\/product\/1099"}],"collection":[{"href":"https:\/\/aizputesmebeles.lv\/index.php?rest_route=\/wp\/v2\/product"}],"about":[{"href":"https:\/\/aizputesmebeles.lv\/index.php?rest_route=\/wp\/v2\/types\/product"}],"replies":[{"embeddable":true,"href":"https:\/\/aizputesmebeles.lv\/index.php?rest_route=%2Fwp%2Fv2%2Fcomments&post=1099"}],"wp:featuredmedia":[{"embeddable":true,"href":"https:\/\/aizputesmebeles.lv\/index.php?rest_route=\/wp\/v2\/media\/2411"}],"wp:attachment":[{"href":"https:\/\/aizputesmebeles.lv\/index.php?rest_route=%2Fwp%2Fv2%2Fmedia&parent=1099"}],"curies":[{"name":"wp","href":"https:\/\/api.w.org\/{rel}","templated":true}]}}