{"id":1098,"date":"2021-04-09T01:42:29","date_gmt":"2021-04-08T22:42:29","guid":{"rendered":"http:\/\/aizputesmebeles.lv\/?post_type=product&#038;p=1098"},"modified":"2022-04-25T16:33:08","modified_gmt":"2022-04-25T13:33:08","slug":"matracis-nyra","status":"publish","type":"product","link":"https:\/\/aizputesmebeles.lv\/?product=matracis-nyra","title":{"rendered":"Matracis Nyra"},"content":{"rendered":"<p>Matracis NYRA<\/p>\n<p>Sendvi\u010dveida matracis NYRA ar iek\u0161\u0113jo formu lieliski piel\u0101gojas \u0137erme\u0146a apris\u0113m, sniedzot kvalitat\u012bvu laiku sp\u0113ku atjauno\u0161anai. NYRA ir kvalitat\u012bvu poliuret\u0101na putu un RE putu kombin\u0101cija, un t\u0101 iek\u0161\u0113j\u0101 forma nodro\u0161ina izcilu gaisa cirkul\u0101ciju kodolam. Ortop\u0113disks matracis ar 5 anatomiskaj\u0101m zon\u0101m. Putu kodols vid\u016b ir nostiprin\u0101ts ar RE pl\u0101ksni, kas nodro\u0161ina lab\u0101ku iztur\u012bbu. Matracim ir LUREX p\u0101rvalks. NYRA ir pareiz\u0101 izv\u0113le -J\u016bs to \u0101tri iem\u012b\u013cosiet. Matra\u010da augstums 20 cm. Var izmantot cilv\u0113ki ar svaru l\u012bdz 130.kg. P\u0101rvalku var mazg\u0101t l\u012bdz 60 C. P\u0101rvalks viegli no\u0146emams un sadal\u0101s div\u0101s da\u013c\u0101s &#8211; aug\u0161a un apak\u0161a. R\u0101v\u0113jsl\u0113dz\u0113js iet visapk\u0101rt matracim pa s\u0101nu mal\u0101m. Variet mazg\u0101t tikai net\u012bro pusi. Ra\u017eots \u010cehij\u0101.\u00a0 Iesp\u0113jams izgatavot jebkuru izm\u0113ru.<\/p>\n","protected":false},"excerpt":{"rendered":"<p>Matracis NYRA Sendvi\u010dveida matracis NYRA ar iek\u0161\u0113jo formu lieliski piel\u0101gojas \u0137erme\u0146a apris\u0113m, sniedzot kvalitat\u012bvu laiku sp\u0113ku atjauno\u0161anai. NYRA ir kvalitat\u012bvu poliuret\u0101na putu un RE putu kombin\u0101cija, un t\u0101 iek\u0161\u0113j\u0101 forma nodro\u0161ina izcilu gaisa cirkul\u0101ciju kodolam. Ortop\u0113disks matracis ar 5 anatomiskaj\u0101m zon\u0101m. Putu kodols vid\u016b ir nostiprin\u0101ts ar RE pl\u0101ksni, kas nodro\u0161ina lab\u0101ku iztur\u012bbu. Matracim ir [&hellip;]<\/p>\n","protected":false},"featured_media":1557,"comment_status":"open","ping_status":"closed","template":"","meta":[],"_links":{"self":[{"href":"https:\/\/aizputesmebeles.lv\/index.php?rest_route=\/wp\/v2\/product\/1098"}],"collection":[{"href":"https:\/\/aizputesmebeles.lv\/index.php?rest_route=\/wp\/v2\/product"}],"about":[{"href":"https:\/\/aizputesmebeles.lv\/index.php?rest_route=\/wp\/v2\/types\/product"}],"replies":[{"embeddable":true,"href":"https:\/\/aizputesmebeles.lv\/index.php?rest_route=%2Fwp%2Fv2%2Fcomments&post=1098"}],"wp:featuredmedia":[{"embeddable":true,"href":"https:\/\/aizputesmebeles.lv\/index.php?rest_route=\/wp\/v2\/media\/1557"}],"wp:attachment":[{"href":"https:\/\/aizputesmebeles.lv\/index.php?rest_route=%2Fwp%2Fv2%2Fmedia&parent=1098"}],"curies":[{"name":"wp","href":"https:\/\/api.w.org\/{rel}","templated":true}]}}