{"id":1096,"date":"2021-04-09T01:42:28","date_gmt":"2021-04-08T22:42:28","guid":{"rendered":"http:\/\/aizputesmebeles.lv\/?post_type=product&#038;p=1096"},"modified":"2022-12-28T04:57:34","modified_gmt":"2022-12-28T02:57:34","slug":"matracis-greta","status":"publish","type":"product","link":"https:\/\/aizputesmebeles.lv\/?product=matracis-greta","title":{"rendered":"Matracis Greta"},"content":{"rendered":"<p><strong>Matracis GRETA<\/strong><\/p>\n<div>Ja mekl\u0113jat patiesi iztur\u012bgu matraci, kas\u00a0kalpos ilgus gadus, matracis GRETA b\u016bs\u00a0pareiz\u0101 izv\u0113le. 20 cm augstaj\u0101 sviestmaizes\u00a0tipa matrac\u012b ar iek\u0161\u0113ji veidotu formu tiek\u00a0kombin\u0113tas kvalitat\u012bv\u0101s PUR un RE putas.\u00a0Putu kodols iek\u0161pus\u0113 ir nostiprin\u0101ts ar 4cm augstu RE pl\u0101ksni, kas nodro\u0161ina ilg\u0101ku\u00a0lieto\u0161anas laiku un sniedz 5 gadu garantiju.\u00a0Iek\u0161\u0113ji veidota forma nodro\u0161ina teicamu gaisa\u00a0apmai\u0146u matra\u010da kodol\u0101. Matra\u010da sast\u0101vda\u013ca\u00a0ir ar\u012b pat\u012bkamais SILVER p\u0101rvalks ar\u00a0r\u0101v\u0113jsl\u0113dz\u0113ju vis\u0101s \u010detr\u0101s mal\u0101s\u00a0un iesp\u0113ju mazg\u0101t pat 60\u00b0C\u00a0temperat\u016br\u0101. P\u0101rvalk\u0101 iestr\u0101d\u0101ti diegi ar sudraba joniem, tas ir antibakteri\u0101ls.<\/div>\n<div>Ra\u017eots \u010cehij\u0101.<\/div>\n<div>Paredz\u0113ts cilv\u0113kiem ar svaru l\u012bdz 130 kg.<\/div>\n<div>P\u0101rvalks no\u0146emams.<\/div>\n<div>Var mazg\u0101t ve\u013cas ma\u0161\u012bn\u0101.<\/div>\n<div>Garantija 5 gadi.<\/div>\n<div><em>Iesp\u0113jams izgatavot nestandarta izm\u0113ra matra\u010dus.<\/em><\/div>\n<div><\/div>\n","protected":false},"excerpt":{"rendered":"<p>Matracis GRETA Ja mekl\u0113jat patiesi iztur\u012bgu matraci, kas\u00a0kalpos ilgus gadus, matracis GRETA b\u016bs\u00a0pareiz\u0101 izv\u0113le. 20 cm augstaj\u0101 sviestmaizes\u00a0tipa matrac\u012b ar iek\u0161\u0113ji veidotu formu tiek\u00a0kombin\u0113tas kvalitat\u012bv\u0101s PUR un RE putas.\u00a0Putu kodols iek\u0161pus\u0113 ir nostiprin\u0101ts ar 4cm augstu RE pl\u0101ksni, kas nodro\u0161ina ilg\u0101ku\u00a0lieto\u0161anas laiku un sniedz 5 gadu garantiju.\u00a0Iek\u0161\u0113ji veidota forma nodro\u0161ina teicamu gaisa\u00a0apmai\u0146u matra\u010da kodol\u0101. Matra\u010da [&hellip;]<\/p>\n","protected":false},"featured_media":1566,"comment_status":"open","ping_status":"closed","template":"","meta":[],"_links":{"self":[{"href":"https:\/\/aizputesmebeles.lv\/index.php?rest_route=\/wp\/v2\/product\/1096"}],"collection":[{"href":"https:\/\/aizputesmebeles.lv\/index.php?rest_route=\/wp\/v2\/product"}],"about":[{"href":"https:\/\/aizputesmebeles.lv\/index.php?rest_route=\/wp\/v2\/types\/product"}],"replies":[{"embeddable":true,"href":"https:\/\/aizputesmebeles.lv\/index.php?rest_route=%2Fwp%2Fv2%2Fcomments&post=1096"}],"wp:featuredmedia":[{"embeddable":true,"href":"https:\/\/aizputesmebeles.lv\/index.php?rest_route=\/wp\/v2\/media\/1566"}],"wp:attachment":[{"href":"https:\/\/aizputesmebeles.lv\/index.php?rest_route=%2Fwp%2Fv2%2Fmedia&parent=1096"}],"curies":[{"name":"wp","href":"https:\/\/api.w.org\/{rel}","templated":true}]}}