{"id":1095,"date":"2021-04-09T01:42:28","date_gmt":"2021-04-08T22:42:28","guid":{"rendered":"http:\/\/aizputesmebeles.lv\/?post_type=product&#038;p=1095"},"modified":"2022-04-25T16:55:23","modified_gmt":"2022-04-25T13:55:23","slug":"matracis-pocket-visko","status":"publish","type":"product","link":"https:\/\/aizputesmebeles.lv\/?product=matracis-pocket-visko","title":{"rendered":"Matracis Pocket Visko"},"content":{"rendered":"<p><strong>Matracis Pocket visko<\/strong><\/p>\n<p>Augstums ar p\u0101rvalku apm\u0113ram 21 cm. P\u0101rvalks-,, Lureks, antibakteri\u0101ls step\u0113ts audums ar r\u0101v\u0113jsl\u0113dz\u0113ju visapk\u0101rt matracim, sadal\u0101s div\u0101s da\u013c\u0101s. Mazg\u0101jamas l\u012bdz 60 gr\u0101diem. Matra\u010da kodols veidots no &#8220;pocet&#8221; tipa atsperu sist\u0113mas ar labu punkta elast\u012bbu. No vienas puses ir 4 cm. biezas poliuret\u0101na putas ar perfor\u0113tu 5 anatomisko zonu griezumu. Tas nodro\u0161ina mas\u0101\u017eas efektu uzlabo, asinsriti miega laik\u0101, uzlabo gaisa cirkul\u0101ciju un samazina sviedru izdal\u012b\u0161anos. No otras puses 4 cm. biezs visko( slinko) putu &#8220;VISCO 50&#8221; sl\u0101nis. Visko putas ir gaisa caurlaid\u012bgas ar atv\u0113rtu \u0161\u016bnu strukt\u016bru. T\u0101s sasilstot ide\u0101li pie\u0146em gul\u0113t\u0101ja \u0137erme\u0146a formu, pal\u012bdz muskulat\u016brai atbr\u012bvoties, uzlabo asinsriti un miega kvalit\u0101ti.<\/p>\n<p>Paredz\u0113ts gul\u0113t\u0101ja svaram l\u012bdz 120kg.<\/p>\n<p>Ra\u017eots \u010cehij\u0101. Garantija divi gadi.<\/p>\n<p><em>Iesp\u0113jams izgatavot jebkuru izm\u0113ru.<\/em><\/p>\n","protected":false},"excerpt":{"rendered":"<p>Matracis Pocket visko Augstums ar p\u0101rvalku apm\u0113ram 21 cm. P\u0101rvalks-,, Lureks, antibakteri\u0101ls step\u0113ts audums ar r\u0101v\u0113jsl\u0113dz\u0113ju visapk\u0101rt matracim, sadal\u0101s div\u0101s da\u013c\u0101s. Mazg\u0101jamas l\u012bdz 60 gr\u0101diem. Matra\u010da kodols veidots no &#8220;pocet&#8221; tipa atsperu sist\u0113mas ar labu punkta elast\u012bbu. No vienas puses ir 4 cm. biezas poliuret\u0101na putas ar perfor\u0113tu 5 anatomisko zonu griezumu. Tas nodro\u0161ina mas\u0101\u017eas [&hellip;]<\/p>\n","protected":false},"featured_media":1619,"comment_status":"open","ping_status":"closed","template":"","meta":[],"_links":{"self":[{"href":"https:\/\/aizputesmebeles.lv\/index.php?rest_route=\/wp\/v2\/product\/1095"}],"collection":[{"href":"https:\/\/aizputesmebeles.lv\/index.php?rest_route=\/wp\/v2\/product"}],"about":[{"href":"https:\/\/aizputesmebeles.lv\/index.php?rest_route=\/wp\/v2\/types\/product"}],"replies":[{"embeddable":true,"href":"https:\/\/aizputesmebeles.lv\/index.php?rest_route=%2Fwp%2Fv2%2Fcomments&post=1095"}],"wp:featuredmedia":[{"embeddable":true,"href":"https:\/\/aizputesmebeles.lv\/index.php?rest_route=\/wp\/v2\/media\/1619"}],"wp:attachment":[{"href":"https:\/\/aizputesmebeles.lv\/index.php?rest_route=%2Fwp%2Fv2%2Fmedia&parent=1095"}],"curies":[{"name":"wp","href":"https:\/\/api.w.org\/{rel}","templated":true}]}}