{"id":1094,"date":"2021-04-09T01:42:28","date_gmt":"2021-04-08T22:42:28","guid":{"rendered":"http:\/\/aizputesmebeles.lv\/?post_type=product&#038;p=1094"},"modified":"2025-06-02T04:51:52","modified_gmt":"2025-06-02T01:51:52","slug":"matracis-gylfi-18-cm-h","status":"publish","type":"product","link":"https:\/\/aizputesmebeles.lv\/?product=matracis-gylfi-18-cm-h","title":{"rendered":"GYLFI 18"},"content":{"rendered":"<div>\u201cSlink\u0101s putas\u201d (VISCOR) \u013caus Jums viegli ienirt sap\u0146u valst\u012bb\u0101. Matra\u010da sl\u0101\u0146i ir savienoti bez l\u012bmviel\u0101m, \u0161\u0101di sniedzot iesp\u0113ju praktiski atdal\u012bt atsevi\u0161\u0137as da\u013cas t\u012br\u012b\u0161anas laik\u0101. Turkl\u0101t varat<\/div>\n<div>izv\u0113l\u0113ties tr\u012bs da\u017e\u0101dus kodola augstumus. Matracis GYLFI ir pieejams kombin\u0101cij\u0101 ar SLEEP CULTURE<\/div>\n<div>p\u0101rvalku. Viena puse matracim m\u012bkst\u0101ka otra ciet\u0101ka.<\/div>\n<div>GYLFI \u2013 tas ir komforts.<\/div>\n<div><\/div>\n<div>Matra\u010da augstums &#8211; 18cm<\/div>\n<div><em>\u00a0<\/em><\/div>\n<div>Ra\u017eots \u010cehij\u0101.<br \/>\nParedz\u0113ts gul\u0113t\u0101jam ar svaru l\u012bdz 120 kg.<br \/>\n<em>Iesp\u0113jams izgatavot jebkuru izm\u0113ru.<\/em><\/div>\n","protected":false},"excerpt":{"rendered":"<p>\u201cSlink\u0101s putas\u201d (VISCOR) \u013caus Jums viegli ienirt sap\u0146u valst\u012bb\u0101. Matra\u010da sl\u0101\u0146i ir savienoti bez l\u012bmviel\u0101m, \u0161\u0101di sniedzot iesp\u0113ju praktiski atdal\u012bt atsevi\u0161\u0137as da\u013cas t\u012br\u012b\u0161anas laik\u0101. Turkl\u0101t varat izv\u0113l\u0113ties tr\u012bs da\u017e\u0101dus kodola augstumus. Matracis GYLFI ir pieejams kombin\u0101cij\u0101 ar SLEEP CULTURE p\u0101rvalku. Viena puse matracim m\u012bkst\u0101ka otra ciet\u0101ka. GYLFI \u2013 tas ir komforts. Matra\u010da augstums &#8211; 18cm [&hellip;]<\/p>\n","protected":false},"featured_media":1584,"comment_status":"open","ping_status":"closed","template":"","meta":[],"_links":{"self":[{"href":"https:\/\/aizputesmebeles.lv\/index.php?rest_route=\/wp\/v2\/product\/1094"}],"collection":[{"href":"https:\/\/aizputesmebeles.lv\/index.php?rest_route=\/wp\/v2\/product"}],"about":[{"href":"https:\/\/aizputesmebeles.lv\/index.php?rest_route=\/wp\/v2\/types\/product"}],"replies":[{"embeddable":true,"href":"https:\/\/aizputesmebeles.lv\/index.php?rest_route=%2Fwp%2Fv2%2Fcomments&post=1094"}],"wp:featuredmedia":[{"embeddable":true,"href":"https:\/\/aizputesmebeles.lv\/index.php?rest_route=\/wp\/v2\/media\/1584"}],"wp:attachment":[{"href":"https:\/\/aizputesmebeles.lv\/index.php?rest_route=%2Fwp%2Fv2%2Fmedia&parent=1094"}],"curies":[{"name":"wp","href":"https:\/\/api.w.org\/{rel}","templated":true}]}}